{"id":96,"date":"2023-07-20T10:46:53","date_gmt":"2023-07-20T08:46:53","guid":{"rendered":"http:\/\/notariusz-polanica.pl\/index.php\/kind-words\/"},"modified":"2023-08-11T10:41:00","modified_gmt":"2023-08-11T08:41:00","slug":"dokumenty","status":"publish","type":"page","link":"https:\/\/notariusz-polanica.pl\/index.php\/dokumenty\/","title":{"rendered":"Dokumenty"},"content":{"rendered":"\t\t<div data-elementor-type=\"wp-page\" data-elementor-id=\"96\" class=\"elementor elementor-96\">\n\t\t\t\t\t\t<section class=\"elementor-section elementor-top-section elementor-element elementor-element-fc2f3b5 elementor-section-height-min-height elementor-section-items-stretch elementor-section-content-middle elementor-section-boxed elementor-section-height-default\" data-id=\"fc2f3b5\" data-element_type=\"section\" data-e-type=\"section\" data-settings=\"{&quot;background_background&quot;:&quot;classic&quot;}\">\n\t\t\t\t\t\t<div class=\"elementor-container elementor-column-gap-no\">\n\t\t\t\t\t<div class=\"elementor-column elementor-col-100 elementor-top-column elementor-element elementor-element-34255db8\" data-id=\"34255db8\" data-element_type=\"column\" data-e-type=\"column\">\n\t\t\t<div class=\"elementor-widget-wrap elementor-element-populated\">\n\t\t\t\t\t\t<div class=\"elementor-element elementor-element-69f62cf elementor-widget__width-initial elementor-widget-mobile__width-initial elementor-invisible elementor-widget elementor-widget-text-editor\" data-id=\"69f62cf\" data-element_type=\"widget\" data-e-type=\"widget\" data-settings=\"{&quot;_animation&quot;:&quot;fadeInLeft&quot;}\" data-widget_type=\"text-editor.default\">\n\t\t\t\t<div class=\"elementor-widget-container\">\n\t\t\t\t\t\t\t\t\t<p>\u00a0 \u00a0 \u00a0 Do ka\u017cdej sprawy podchodzimy indywidualnie, dlatego w celu uzyskania szczeg\u00f3\u0142owej informacji o wymaganych dokumentach prosimy o kontakt telefoniczny lub za pomoc\u0105 poczty elektronicznej.<\/p><p>\u00a0 \u00a0 \u00a0 Przed um\u00f3wion\u0105 czynno\u015bci\u0105 nale\u017cy z wyprzedzeniem przes\u0142a\u0107 skany dokument\u00f3w mailowo albo dostarczy\u0107 je osobi\u015bcie do Kancelarii. W ten spos\u00f3b wcze\u015bniej przygotujemy projekty, co znacznie skr\u00f3ci czas Pa\u0144stwa wizyty w Kancelarii. Orygina\u0142y dokument\u00f3w nale\u017cy zabra\u0107 na um\u00f3wion\u0105 wizyt\u0119.<\/p><p>\u00a0 \u00a0 \u00a0\u00a0<strong>Przy czynno\u015bciach dokonywanych przez osoby fizyczne <\/strong>niezb\u0119dne s\u0105 dokumenty to\u017csamo\u015bci, w tym dane dotycz\u0105ce: imion, nazwisk, imion rodzic\u00f3w, PESEL, adresu zamieszkania, serii i nr dokumentu to\u017csamo\u015bci, a ponadto o\u015bwiadczenia o stanie cywilnym i ustroju maj\u0105tkowym panuj\u0105cym w ma\u0142\u017ce\u0144stwie. W przypadku rozdzielno\u015bci maj\u0105tkowej (intercyzy) nale\u017cy okaza\u0107 umow\u0119 maj\u0105tkow\u0105 ma\u0142\u017ce\u0144sk\u0105.<\/p><p><strong>\u00a0 \u00a0 \u00a0Przy czynno\u015bciach dokonywanych przez osoby prawne <\/strong>niezb\u0119dne s\u0105 dokumenty to\u017csamo\u015bci os\u00f3b reprezentuj\u0105cych osoby prawne a ponadto dane rejestrowe (NIP, REGON, KRS), informacja o reprezentacji oraz odpowiednie umowy Sp\u00f3\u0142ek\/Statuty oraz zgody na dokonanie czynno\u015bci (je\u015bli te s\u0105 wymagane).<\/p><p>Ponadto je\u017celi strona czynno\u015bci ma by\u0107 reprezentowana przez pe\u0142nomocnika konieczne jest okazanie <strong>orygina\u0142u pe\u0142nomocnictwa.<\/strong><\/p><p>\u00a0\u00a0 Poni\u017cej przedstawiamy przyk\u0142adowe, najcz\u0119\u015bciej powtarzaj\u0105ce si\u0119 czynno\u015bci notarialne i dokumenty\u00a0 do ich przygotowania. Poszczeg\u00f3lne sprawy r\u00f3\u017cni\u0105 si\u0119 od siebie, dlatego poni\u017cszy wykaz nale\u017cy traktowa\u0107 jedynie pogl\u0105dowo. Zlecaj\u0105c nam dokonanie czynno\u015bci zostan\u0105 Pa\u0144stwo szczeg\u00f3\u0142owo poinformowani o zakresie niezb\u0119dnych dokument\u00f3w.<\/p>\t\t\t\t\t\t\t\t<\/div>\n\t\t\t\t<\/div>\n\t\t\t\t<div class=\"elementor-element elementor-element-cff81d4 elementor-list-item-link-full_width elementor-widget elementor-widget-icon-list\" data-id=\"cff81d4\" data-element_type=\"widget\" data-e-type=\"widget\" data-widget_type=\"icon-list.default\">\n\t\t\t\t<div class=\"elementor-widget-container\">\n\t\t\t\t\t\t\t<ul class=\"elementor-icon-list-items\">\n\t\t\t\t\t\t\t<li class=\"elementor-icon-list-item\">\n\t\t\t\t\t\t\t\t\t\t\t<a href=\"https:\/\/notariusz-polanica.pl\/index.php\/kopia-wierzytelna\/\">\n\n\t\t\t\t\t\t\t\t\t\t\t<span class=\"elementor-icon-list-text\">KOPIA WIERZYTELNA<\/span>\n\t\t\t\t\t\t\t\t\t\t\t<\/a>\n\t\t\t\t\t\t\t\t\t<\/li>\n\t\t\t\t\t\t\t\t<li class=\"elementor-icon-list-item\">\n\t\t\t\t\t\t\t\t\t\t\t<a href=\"https:\/\/notariusz-polanica.pl\/index.php\/poswiadczenie-podpisu\/\">\n\n\t\t\t\t\t\t\t\t\t\t\t<span class=\"elementor-icon-list-text\">PO\u015aWIADCZENIE PODPISU<\/span>\n\t\t\t\t\t\t\t\t\t\t\t<\/a>\n\t\t\t\t\t\t\t\t\t<\/li>\n\t\t\t\t\t\t\t\t<li class=\"elementor-icon-list-item\">\n\t\t\t\t\t\t\t\t\t\t\t<a href=\"https:\/\/notariusz-polanica.pl\/index.php\/pelnomocnictwo\/\">\n\n\t\t\t\t\t\t\t\t\t\t\t<span class=\"elementor-icon-list-text\">PE\u0141NOMOCNICTWO<\/span>\n\t\t\t\t\t\t\t\t\t\t\t<\/a>\n\t\t\t\t\t\t\t\t\t<\/li>\n\t\t\t\t\t\t\t\t<li class=\"elementor-icon-list-item\">\n\t\t\t\t\t\t\t\t\t\t\t<a href=\"https:\/\/notariusz-polanica.pl\/index.php\/umowa-majatkowa-malzenska\/\">\n\n\t\t\t\t\t\t\t\t\t\t\t<span class=\"elementor-icon-list-text\">UMOWA MAJ\u0104TKOWA MA\u0141\u017bE\u0143SKA<\/span>\n\t\t\t\t\t\t\t\t\t\t\t<\/a>\n\t\t\t\t\t\t\t\t\t<\/li>\n\t\t\t\t\t\t\t\t<li class=\"elementor-icon-list-item\">\n\t\t\t\t\t\t\t\t\t\t\t<a href=\"https:\/\/notariusz-polanica.pl\/index.php\/rygor-z-umowy-najmu-okazjonalnego\/\">\n\n\t\t\t\t\t\t\t\t\t\t\t<span class=\"elementor-icon-list-text\">RYGOR Z UMOWY NAJMU OKAZJONALNEGO<\/span>\n\t\t\t\t\t\t\t\t\t\t\t<\/a>\n\t\t\t\t\t\t\t\t\t<\/li>\n\t\t\t\t\t\t\t\t<li class=\"elementor-icon-list-item\">\n\t\t\t\t\t\t\t\t\t\t\t<a href=\"https:\/\/notariusz-polanica.pl\/index.php\/testament\/\">\n\n\t\t\t\t\t\t\t\t\t\t\t<span class=\"elementor-icon-list-text\">TESTAMENT<\/span>\n\t\t\t\t\t\t\t\t\t\t\t<\/a>\n\t\t\t\t\t\t\t\t\t<\/li>\n\t\t\t\t\t\t\t\t<li class=\"elementor-icon-list-item\">\n\t\t\t\t\t\t\t\t\t\t\t<a href=\"https:\/\/notariusz-polanica.pl\/index.php\/przejecie-odrzucenie-spadku\/\">\n\n\t\t\t\t\t\t\t\t\t\t\t<span class=\"elementor-icon-list-text\">PRZYJ\u0118CIE \/ODRZUCENIE SPADKU<\/span>\n\t\t\t\t\t\t\t\t\t\t\t<\/a>\n\t\t\t\t\t\t\t\t\t<\/li>\n\t\t\t\t\t\t\t\t<li class=\"elementor-icon-list-item\">\n\t\t\t\t\t\t\t\t\t\t\t<a href=\"https:\/\/notariusz-polanica.pl\/index.php\/akt-poswiadczenia-dziedziczenia\/\">\n\n\t\t\t\t\t\t\t\t\t\t\t<span class=\"elementor-icon-list-text\">AKT PO\u015aWIADCZENIA DZIEDZICZENIA<\/span>\n\t\t\t\t\t\t\t\t\t\t\t<\/a>\n\t\t\t\t\t\t\t\t\t<\/li>\n\t\t\t\t\t\t\t\t<li class=\"elementor-icon-list-item\">\n\t\t\t\t\t\t\t\t\t\t\t<a href=\"https:\/\/notariusz-polanica.pl\/index.php\/umowa-zbycia-spoldzielczego-wlasnosciowgo-prawa-do-lokalu\/\">\n\n\t\t\t\t\t\t\t\t\t\t\t<span class=\"elementor-icon-list-text\">UMOWA ZBYCIA SP\u00d3\u0141DZIELCZEGO W\u0141ASNO\u015aCIOWEGO PRAWA DO LOKALU<\/span>\n\t\t\t\t\t\t\t\t\t\t\t<\/a>\n\t\t\t\t\t\t\t\t\t<\/li>\n\t\t\t\t\t\t\t\t<li class=\"elementor-icon-list-item\">\n\t\t\t\t\t\t\t\t\t\t\t<a href=\"https:\/\/notariusz-polanica.pl\/index.php\/umowa-zbycia-nieruchomosci-gruntowej-zabudowanej-niezabudowanej\/\">\n\n\t\t\t\t\t\t\t\t\t\t\t<span class=\"elementor-icon-list-text\">UMOWA ZBYCIA NIERUCHOMO\u015aCI GRUNTOWEJ (ZABUDOWANEJ \/NIEZABUDOWANEJ)<\/span>\n\t\t\t\t\t\t\t\t\t\t\t<\/a>\n\t\t\t\t\t\t\t\t\t<\/li>\n\t\t\t\t\t\t\t\t<li class=\"elementor-icon-list-item\">\n\t\t\t\t\t\t\t\t\t\t\t<a href=\"https:\/\/notariusz-polanica.pl\/index.php\/umowa-zbycia-spoldzielczego-wlasnosciowego-prawa-do-lokalu\/\">\n\n\t\t\t\t\t\t\t\t\t\t\t<span class=\"elementor-icon-list-text\">UMOWA ZBYCIA LOKALU MIESZKALNEGO<\/span>\n\t\t\t\t\t\t\t\t\t\t\t<\/a>\n\t\t\t\t\t\t\t\t\t<\/li>\n\t\t\t\t\t\t<\/ul>\n\t\t\t\t\t\t<\/div>\n\t\t\t\t<\/div>\n\t\t\t\t<div class=\"elementor-element elementor-element-ae49a37 elementor-widget-mobile__width-initial elementor-widget elementor-widget-spacer\" data-id=\"ae49a37\" data-element_type=\"widget\" data-e-type=\"widget\" data-widget_type=\"spacer.default\">\n\t\t\t\t<div class=\"elementor-widget-container\">\n\t\t\t\t\t\t\t<div class=\"elementor-spacer\">\n\t\t\t<div class=\"elementor-spacer-inner\"><\/div>\n\t\t<\/div>\n\t\t\t\t\t\t<\/div>\n\t\t\t\t<\/div>\n\t\t\t\t<div class=\"elementor-element elementor-element-0d79259 elementor-widget__width-initial elementor-absolute elementor-invisible elementor-widget elementor-widget-image\" data-id=\"0d79259\" data-element_type=\"widget\" data-e-type=\"widget\" data-settings=\"{&quot;_position&quot;:&quot;absolute&quot;,&quot;_animation&quot;:&quot;fadeInRight&quot;}\" data-widget_type=\"image.default\">\n\t\t\t\t<div class=\"elementor-widget-container\">\n\t\t\t\t\t\t\t\t\t\t\t\t\t\t\t<img fetchpriority=\"high\" decoding=\"async\" width=\"1024\" height=\"1536\" src=\"https:\/\/notariusz-polanica.pl\/wp-content\/uploads\/2023\/08\/pexels-mart-production-7333505-1024x1536.jpg\" class=\"attachment-1536x1536 size-1536x1536 wp-image-1597\" alt=\"\" srcset=\"https:\/\/notariusz-polanica.pl\/wp-content\/uploads\/2023\/08\/pexels-mart-production-7333505-1024x1536.jpg 1024w, https:\/\/notariusz-polanica.pl\/wp-content\/uploads\/2023\/08\/pexels-mart-production-7333505-200x300.jpg 200w, https:\/\/notariusz-polanica.pl\/wp-content\/uploads\/2023\/08\/pexels-mart-production-7333505-683x1024.jpg 683w, https:\/\/notariusz-polanica.pl\/wp-content\/uploads\/2023\/08\/pexels-mart-production-7333505-768x1152.jpg 768w, https:\/\/notariusz-polanica.pl\/wp-content\/uploads\/2023\/08\/pexels-mart-production-7333505-1365x2048.jpg 1365w, https:\/\/notariusz-polanica.pl\/wp-content\/uploads\/2023\/08\/pexels-mart-production-7333505-scaled.jpg 1707w\" sizes=\"(max-width: 1024px) 100vw, 1024px\" \/>\t\t\t\t\t\t\t\t\t\t\t\t\t\t\t<\/div>\n\t\t\t\t<\/div>\n\t\t\t\t\t<\/div>\n\t\t<\/div>\n\t\t\t\t\t<\/div>\n\t\t<\/section>\n\t\t\t\t<\/div>\n\t\t","protected":false},"excerpt":{"rendered":"<p>\u00a0 \u00a0 \u00a0 Do ka\u017cdej sprawy podchodzimy indywidualnie, dlatego w celu uzyskania szczeg\u00f3\u0142owej informacji o wymaganych dokumentach prosimy o kontakt telefoniczny lub za pomoc\u0105 poczty elektronicznej. \u00a0 \u00a0 \u00a0 Przed um\u00f3wion\u0105 czynno\u015bci\u0105 nale\u017cy z wyprzedzeniem przes\u0142a\u0107 skany dokument\u00f3w mailowo albo dostarczy\u0107 je osobi\u015bcie do Kancelarii. W ten spos\u00f3b wcze\u015bniej przygotujemy projekty, co znacznie skr\u00f3ci czas&hellip;&nbsp;<a href=\"https:\/\/notariusz-polanica.pl\/index.php\/dokumenty\/\" class=\"\" rel=\"bookmark\">Czytaj dalej &raquo;<span class=\"screen-reader-text\">Dokumenty<\/span><\/a><\/p>\n","protected":false},"author":1,"featured_media":0,"parent":0,"menu_order":0,"comment_status":"closed","ping_status":"closed","template":"","meta":{"neve_meta_sidebar":"","neve_meta_container":"","neve_meta_enable_content_width":"","neve_meta_content_width":0,"neve_meta_title_alignment":"","neve_meta_author_avatar":"","neve_post_elements_order":"","neve_meta_disable_header":"","neve_meta_disable_footer":"","neve_meta_disable_title":"","footnotes":""},"class_list":["post-96","page","type-page","status-publish","hentry"],"_links":{"self":[{"href":"https:\/\/notariusz-polanica.pl\/index.php\/wp-json\/wp\/v2\/pages\/96","targetHints":{"allow":["GET"]}}],"collection":[{"href":"https:\/\/notariusz-polanica.pl\/index.php\/wp-json\/wp\/v2\/pages"}],"about":[{"href":"https:\/\/notariusz-polanica.pl\/index.php\/wp-json\/wp\/v2\/types\/page"}],"author":[{"embeddable":true,"href":"https:\/\/notariusz-polanica.pl\/index.php\/wp-json\/wp\/v2\/users\/1"}],"replies":[{"embeddable":true,"href":"https:\/\/notariusz-polanica.pl\/index.php\/wp-json\/wp\/v2\/comments?post=96"}],"version-history":[{"count":308,"href":"https:\/\/notariusz-polanica.pl\/index.php\/wp-json\/wp\/v2\/pages\/96\/revisions"}],"predecessor-version":[{"id":1935,"href":"https:\/\/notariusz-polanica.pl\/index.php\/wp-json\/wp\/v2\/pages\/96\/revisions\/1935"}],"wp:attachment":[{"href":"https:\/\/notariusz-polanica.pl\/index.php\/wp-json\/wp\/v2\/media?parent=96"}],"curies":[{"name":"wp","href":"https:\/\/api.w.org\/{rel}","templated":true}]}}