{"id":84,"date":"2023-07-20T10:46:46","date_gmt":"2023-07-20T08:46:46","guid":{"rendered":"http:\/\/notariusz-polanica.pl\/index.php\/contact-2\/"},"modified":"2023-08-27T15:01:26","modified_gmt":"2023-08-27T13:01:26","slug":"kontakt-2","status":"publish","type":"page","link":"https:\/\/notariusz-polanica.pl\/index.php\/kontakt-2\/","title":{"rendered":"Kontakt"},"content":{"rendered":"\t\t<div data-elementor-type=\"wp-page\" data-elementor-id=\"84\" class=\"elementor elementor-84\">\n\t\t\t\t\t\t<section class=\"elementor-section elementor-top-section elementor-element elementor-element-095434d elementor-section-boxed elementor-section-height-default elementor-section-height-default\" data-id=\"095434d\" data-element_type=\"section\" data-e-type=\"section\" data-settings=\"{&quot;background_background&quot;:&quot;classic&quot;}\">\n\t\t\t\t\t\t<div class=\"elementor-container elementor-column-gap-default\">\n\t\t\t\t\t<div class=\"elementor-column elementor-col-100 elementor-top-column elementor-element elementor-element-66aea8e\" data-id=\"66aea8e\" data-element_type=\"column\" data-e-type=\"column\">\n\t\t\t<div class=\"elementor-widget-wrap elementor-element-populated\">\n\t\t\t\t\t\t<div class=\"elementor-element elementor-element-e4bb8cb elementor-widget elementor-widget-heading\" data-id=\"e4bb8cb\" data-element_type=\"widget\" data-e-type=\"widget\" data-widget_type=\"heading.default\">\n\t\t\t\t<div class=\"elementor-widget-container\">\n\t\t\t\t\t<h2 class=\"elementor-heading-title elementor-size-default\">W celu um\u00f3wienia spotkania zapraszamy do kontaktu osobi\u015bcie, telefonicznie lub mailowo.\u00a0<\/h2>\t\t\t\t<\/div>\n\t\t\t\t<\/div>\n\t\t\t\t<div class=\"elementor-element elementor-element-f5e3135 elementor-widget elementor-widget-heading\" data-id=\"f5e3135\" data-element_type=\"widget\" data-e-type=\"widget\" data-widget_type=\"heading.default\">\n\t\t\t\t<div class=\"elementor-widget-container\">\n\t\t\t\t\t<h2 class=\"elementor-heading-title elementor-size-default\">Kancelaria Notarialna Jakub Wenckowski<\/h2>\t\t\t\t<\/div>\n\t\t\t\t<\/div>\n\t\t\t\t<div class=\"elementor-element elementor-element-8b56d4f elementor-align-start elementor-widget-mobile__width-initial elementor-list-item-link-full_width elementor-widget elementor-widget-icon-list\" data-id=\"8b56d4f\" data-element_type=\"widget\" data-e-type=\"widget\" data-widget_type=\"icon-list.default\">\n\t\t\t\t<div class=\"elementor-widget-container\">\n\t\t\t\t\t\t\t<ul class=\"elementor-icon-list-items\">\n\t\t\t\t\t\t\t<li class=\"elementor-icon-list-item\">\n\t\t\t\t\t\t\t\t\t\t\t<span class=\"elementor-icon-list-icon\">\n\t\t\t\t\t\t\t<i aria-hidden=\"true\" class=\"fas fa-mobile-alt\"><\/i>\t\t\t\t\t\t<\/span>\n\t\t\t\t\t\t\t\t\t\t<span class=\"elementor-icon-list-text\">507 213 554<\/span>\n\t\t\t\t\t\t\t\t\t<\/li>\n\t\t\t\t\t\t\t\t<li class=\"elementor-icon-list-item\">\n\t\t\t\t\t\t\t\t\t\t\t<span class=\"elementor-icon-list-icon\">\n\t\t\t\t\t\t\t<i aria-hidden=\"true\" class=\"fab fa-whatsapp\"><\/i>\t\t\t\t\t\t<\/span>\n\t\t\t\t\t\t\t\t\t\t<span class=\"elementor-icon-list-text\">507 213 554<\/span>\n\t\t\t\t\t\t\t\t\t<\/li>\n\t\t\t\t\t\t\t\t<li class=\"elementor-icon-list-item\">\n\t\t\t\t\t\t\t\t\t\t\t<span class=\"elementor-icon-list-icon\">\n\t\t\t\t\t\t\t<i aria-hidden=\"true\" class=\"fas fa-mail-bulk\"><\/i>\t\t\t\t\t\t<\/span>\n\t\t\t\t\t\t\t\t\t\t<span class=\"elementor-icon-list-text\">kancelaria@notariusz-polanica.pl\u00a0<\/span>\n\t\t\t\t\t\t\t\t\t<\/li>\n\t\t\t\t\t\t\t\t<li class=\"elementor-icon-list-item\">\n\t\t\t\t\t\t\t\t\t\t\t<a href=\"https:\/\/www.google.com\/maps\/place\/Kancelaria+Notarialna+Jakub+Wenckowski\/@50.40449,16.512441,15z\/data=!4m2!3m1!1s0x0:0xe43e795ddbff03a0?sa=X&#038;ved=2ahUKEwjRv5_KyfWAAxUDFhAIHUNgBpYQ_BJ6BAg2EAA&#038;ved=2ahUKEwjRv5_KyfWAAxUDFhAIHUNgBpYQ_BJ6BAhIEAg\" target=\"_blank\">\n\n\t\t\t\t\t\t\t\t\t\t\t\t<span class=\"elementor-icon-list-icon\">\n\t\t\t\t\t\t\t<i aria-hidden=\"true\" class=\"fas fa-map-marker-alt\"><\/i>\t\t\t\t\t\t<\/span>\n\t\t\t\t\t\t\t\t\t\t<span class=\"elementor-icon-list-text\">Aleja Wojska Polskiego 2\/LU 4, 57-320 Polanica-Zdr\u00f3j <\/span>\n\t\t\t\t\t\t\t\t\t\t\t<\/a>\n\t\t\t\t\t\t\t\t\t<\/li>\n\t\t\t\t\t\t<\/ul>\n\t\t\t\t\t\t<\/div>\n\t\t\t\t<\/div>\n\t\t\t\t<div class=\"elementor-element elementor-element-8cf2de9 elementor-widget elementor-widget-heading\" data-id=\"8cf2de9\" data-element_type=\"widget\" data-e-type=\"widget\" data-widget_type=\"heading.default\">\n\t\t\t\t<div class=\"elementor-widget-container\">\n\t\t\t\t\t<h2 class=\"elementor-heading-title elementor-size-default\">Rachunki bankowe Kancelarii:<\/h2>\t\t\t\t<\/div>\n\t\t\t\t<\/div>\n\t\t\t\t<div class=\"elementor-element elementor-element-0eec023 elementor-widget__width-initial elementor-widget elementor-widget-icon-box\" data-id=\"0eec023\" data-element_type=\"widget\" data-e-type=\"widget\" data-widget_type=\"icon-box.default\">\n\t\t\t\t<div class=\"elementor-widget-container\">\n\t\t\t\t\t\t\t<div class=\"elementor-icon-box-wrapper\">\n\n\t\t\t\n\t\t\t\t\t\t<div class=\"elementor-icon-box-content\">\n\n\t\t\t\t\t\t\t\t\t<h3 class=\"elementor-icon-box-title\">\n\t\t\t\t\t\t<span  >\n\t\t\t\t\t\t\t Rachunek bie\u017c\u0105cy (podatki, op\u0142aty s\u0105dowe, taksa notarialna):\t\t\t\t\t\t<\/span>\n\t\t\t\t\t<\/h3>\n\t\t\t\t\n\t\t\t\t\t\t\t\t\t<p class=\"elementor-icon-box-description\">\n\t\t\t\t\t\t67 1020 5112 0000 7902 0417 9404\t\t\t\t\t<\/p>\n\t\t\t\t\n\t\t\t<\/div>\n\t\t\t\n\t\t<\/div>\n\t\t\t\t\t\t<\/div>\n\t\t\t\t<\/div>\n\t\t\t\t<div class=\"elementor-element elementor-element-06f4b5c elementor-widget__width-initial elementor-widget elementor-widget-icon-box\" data-id=\"06f4b5c\" data-element_type=\"widget\" data-e-type=\"widget\" data-widget_type=\"icon-box.default\">\n\t\t\t\t<div class=\"elementor-widget-container\">\n\t\t\t\t\t\t\t<div class=\"elementor-icon-box-wrapper\">\n\n\t\t\t\n\t\t\t\t\t\t<div class=\"elementor-icon-box-content\">\n\n\t\t\t\t\t\t\t\t\t<h3 class=\"elementor-icon-box-title\">\n\t\t\t\t\t\t<span  >\n\t\t\t\t\t\t\tRachunek depozytowy PLN (tylko do depozyt\u00f3w notarialnych):\t\t\t\t\t\t<\/span>\n\t\t\t\t\t<\/h3>\n\t\t\t\t\n\t\t\t\t\t\t\t\t\t<p class=\"elementor-icon-box-description\">\n\t\t\t\t\t\t04 1020 5112 0000 7402 0418 6797\t\t\t\t\t<\/p>\n\t\t\t\t\n\t\t\t<\/div>\n\t\t\t\n\t\t<\/div>\n\t\t\t\t\t\t<\/div>\n\t\t\t\t<\/div>\n\t\t\t\t<div class=\"elementor-element elementor-element-bd3c1fb elementor-widget__width-initial elementor-absolute elementor-widget elementor-widget-image\" data-id=\"bd3c1fb\" data-element_type=\"widget\" data-e-type=\"widget\" data-settings=\"{&quot;_position&quot;:&quot;absolute&quot;}\" data-widget_type=\"image.default\">\n\t\t\t\t<div class=\"elementor-widget-container\">\n\t\t\t\t\t\t\t\t\t\t\t\t\t\t\t<img fetchpriority=\"high\" decoding=\"async\" width=\"1536\" height=\"2048\" src=\"https:\/\/notariusz-polanica.pl\/wp-content\/uploads\/2023\/08\/sala2-1536x2048.jpg\" class=\"attachment-2048x2048 size-2048x2048 wp-image-2288\" alt=\"\" srcset=\"https:\/\/notariusz-polanica.pl\/wp-content\/uploads\/2023\/08\/sala2-1536x2048.jpg 1536w, https:\/\/notariusz-polanica.pl\/wp-content\/uploads\/2023\/08\/sala2-225x300.jpg 225w, https:\/\/notariusz-polanica.pl\/wp-content\/uploads\/2023\/08\/sala2-768x1024.jpg 768w, https:\/\/notariusz-polanica.pl\/wp-content\/uploads\/2023\/08\/sala2-1152x1536.jpg 1152w, https:\/\/notariusz-polanica.pl\/wp-content\/uploads\/2023\/08\/sala2-scaled.jpg 1920w\" sizes=\"(max-width: 1536px) 100vw, 1536px\" \/>\t\t\t\t\t\t\t\t\t\t\t\t\t\t\t<\/div>\n\t\t\t\t<\/div>\n\t\t\t\t<div class=\"elementor-element elementor-element-f630b44 elementor-widget elementor-widget-heading\" data-id=\"f630b44\" data-element_type=\"widget\" data-e-type=\"widget\" data-widget_type=\"heading.default\">\n\t\t\t\t<div class=\"elementor-widget-container\">\n\t\t\t\t\t<h2 class=\"elementor-heading-title elementor-size-default\">Powszechna Kasa Oszcz\u0119dno\u015bci Bank Polski S.A.<\/h2>\t\t\t\t<\/div>\n\t\t\t\t<\/div>\n\t\t\t\t<div class=\"elementor-element elementor-element-3d06de5 elementor-widget__width-initial elementor-widget-mobile__width-initial elementor-invisible elementor-widget elementor-widget-text-editor\" data-id=\"3d06de5\" data-element_type=\"widget\" data-e-type=\"widget\" data-settings=\"{&quot;_animation&quot;:&quot;fadeInLeft&quot;}\" data-widget_type=\"text-editor.default\">\n\t\t\t\t<div class=\"elementor-widget-container\">\n\t\t\t\t\t\t\t\t\t<p style=\"text-align: left;\"><strong>Godziny urz\u0119dowania:<br \/><br \/><\/strong>Poniedzia\u0142ek 10.00 \u2013 18.00<br \/>Wtorek 9:00 \u2013 16:00<br \/>\u015aroda 9:00 &#8211; 16:00<br \/>Czwartek 9:00 \u2013 16:00<br \/>Pi\u0105tek 9:00 \u2013 15:00<\/p><p style=\"text-align: left;\"><strong>Soboty oraz inne godziny \u2013\u00a0 po wcze\u015bniejszym um\u00f3wieniu<\/strong><\/p><p style=\"text-align: left;\">Czynno\u015bci notarialne dokonywane s\u0105 w Kancelarii Notarialnej, przy czym mog\u0105 by\u0107<br \/>dokonywane tak\u017ce w innym miejscu, je\u017celi przemawia za tym charakter czynno\u015bci <br \/>(np. Zebranie Wsp\u00f3lnoty Mieszkaniowej) lub szczeg\u00f3lne okoliczno\u015bci <br \/>(np. brak mo\u017cliwo\u015bci poruszania si\u0119 na skutek urazu).<\/p>\t\t\t\t\t\t\t\t<\/div>\n\t\t\t\t<\/div>\n\t\t\t\t<div class=\"elementor-element elementor-element-6bb36a6 elementor-widget__width-initial elementor-widget elementor-widget-google_maps\" data-id=\"6bb36a6\" data-element_type=\"widget\" data-e-type=\"widget\" data-widget_type=\"google_maps.default\">\n\t\t\t\t<div class=\"elementor-widget-container\">\n\t\t\t\t\t\t\t<div class=\"elementor-custom-embed\">\n\t\t\t<iframe loading=\"lazy\"\n\t\t\t\t\tsrc=\"https:\/\/maps.google.com\/maps?q=Aleja%20Wojska%20Polskiego%202%2FLU%204%2C%2057-320%20Polanica-Zdr%C3%B3j%20%20kancelaria%20notarialna%20Jakub%20Wenckowski&#038;t=m&#038;z=15&#038;output=embed&#038;iwloc=near\"\n\t\t\t\t\ttitle=\"Aleja Wojska Polskiego 2\/LU 4, 57-320 Polanica-Zdr\u00f3j  kancelaria notarialna Jakub Wenckowski\"\n\t\t\t\t\taria-label=\"Aleja Wojska Polskiego 2\/LU 4, 57-320 Polanica-Zdr\u00f3j  kancelaria notarialna Jakub Wenckowski\"\n\t\t\t><\/iframe>\n\t\t<\/div>\n\t\t\t\t\t\t<\/div>\n\t\t\t\t<\/div>\n\t\t\t\t\t<\/div>\n\t\t<\/div>\n\t\t\t\t\t<\/div>\n\t\t<\/section>\n\t\t\t\t<\/div>\n\t\t","protected":false},"excerpt":{"rendered":"<p>W celu um\u00f3wienia spotkania zapraszamy do kontaktu osobi\u015bcie, telefonicznie lub mailowo.\u00a0 Kancelaria Notarialna Jakub Wenckowski 507 213 554 507 213 554 kancelaria@notariusz-polanica.pl\u00a0 Aleja Wojska Polskiego 2\/LU 4, 57-320 Polanica-Zdr\u00f3j Rachunki bankowe Kancelarii: Rachunek bie\u017c\u0105cy (podatki, op\u0142aty s\u0105dowe, taksa notarialna): 67 1020 5112 0000 7902 0417 9404 Rachunek depozytowy PLN (tylko do depozyt\u00f3w notarialnych): 04 1020&hellip;&nbsp;<a href=\"https:\/\/notariusz-polanica.pl\/index.php\/kontakt-2\/\" class=\"\" rel=\"bookmark\">Czytaj dalej &raquo;<span class=\"screen-reader-text\">Kontakt<\/span><\/a><\/p>\n","protected":false},"author":1,"featured_media":0,"parent":0,"menu_order":0,"comment_status":"closed","ping_status":"closed","template":"","meta":{"neve_meta_sidebar":"","neve_meta_container":"","neve_meta_enable_content_width":"","neve_meta_content_width":0,"neve_meta_title_alignment":"","neve_meta_author_avatar":"","neve_post_elements_order":"","neve_meta_disable_header":"","neve_meta_disable_footer":"","neve_meta_disable_title":"","footnotes":""},"class_list":["post-84","page","type-page","status-publish","hentry"],"_links":{"self":[{"href":"https:\/\/notariusz-polanica.pl\/index.php\/wp-json\/wp\/v2\/pages\/84","targetHints":{"allow":["GET"]}}],"collection":[{"href":"https:\/\/notariusz-polanica.pl\/index.php\/wp-json\/wp\/v2\/pages"}],"about":[{"href":"https:\/\/notariusz-polanica.pl\/index.php\/wp-json\/wp\/v2\/types\/page"}],"author":[{"embeddable":true,"href":"https:\/\/notariusz-polanica.pl\/index.php\/wp-json\/wp\/v2\/users\/1"}],"replies":[{"embeddable":true,"href":"https:\/\/notariusz-polanica.pl\/index.php\/wp-json\/wp\/v2\/comments?post=84"}],"version-history":[{"count":263,"href":"https:\/\/notariusz-polanica.pl\/index.php\/wp-json\/wp\/v2\/pages\/84\/revisions"}],"predecessor-version":[{"id":2314,"href":"https:\/\/notariusz-polanica.pl\/index.php\/wp-json\/wp\/v2\/pages\/84\/revisions\/2314"}],"wp:attachment":[{"href":"https:\/\/notariusz-polanica.pl\/index.php\/wp-json\/wp\/v2\/media?parent=84"}],"curies":[{"name":"wp","href":"https:\/\/api.w.org\/{rel}","templated":true}]}}