{"id":376,"date":"2023-07-30T16:02:41","date_gmt":"2023-07-30T14:02:41","guid":{"rendered":"https:\/\/notariusz-polanica.pl\/?page_id=376"},"modified":"2023-08-28T21:11:29","modified_gmt":"2023-08-28T19:11:29","slug":"pelnomocnictwo","status":"publish","type":"page","link":"https:\/\/notariusz-polanica.pl\/index.php\/pelnomocnictwo\/","title":{"rendered":"Pe\u0142nomocnictwo"},"content":{"rendered":"\t\t<div data-elementor-type=\"wp-page\" data-elementor-id=\"376\" class=\"elementor elementor-376\">\n\t\t\t\t\t\t<section class=\"elementor-section elementor-top-section elementor-element elementor-element-dd2370a elementor-section-boxed elementor-section-height-default elementor-section-height-default\" data-id=\"dd2370a\" data-element_type=\"section\" data-e-type=\"section\">\n\t\t\t\t\t\t<div class=\"elementor-container elementor-column-gap-default\">\n\t\t\t\t\t<div class=\"elementor-column elementor-col-100 elementor-top-column elementor-element elementor-element-7b46441\" data-id=\"7b46441\" data-element_type=\"column\" data-e-type=\"column\" data-settings=\"{&quot;background_background&quot;:&quot;gradient&quot;}\">\n\t\t\t<div class=\"elementor-widget-wrap elementor-element-populated\">\n\t\t\t\t\t\t<div class=\"elementor-element elementor-element-0600165 elementor-widget__width-initial elementor-widget-mobile__width-initial elementor-widget elementor-widget-text-editor\" data-id=\"0600165\" data-element_type=\"widget\" data-e-type=\"widget\" data-widget_type=\"text-editor.default\">\n\t\t\t\t<div class=\"elementor-widget-container\">\n\t\t\t\t\t\t\t\t\t<p><strong>Pe\u0142nomocnictwo:<br \/><\/strong>\u2013\u00a0 \u00a0dane Mocodawcy,\u00a0<br \/>\u2013\u00a0 \u00a0dane Pe\u0142nomocnika,<br \/>\u2013\u00a0\u00a0 zakres pe\u0142nomocnictwa,<br \/>\u2013\u00a0 \u00a0numer ksi\u0119gi wieczystej (je\u017celi pe\u0142nomocnictwo ma by\u0107 wykorzystane do nabycia lub zbycia nieruchomo\u015bci<\/p>\t\t\t\t\t\t\t\t<\/div>\n\t\t\t\t<\/div>\n\t\t\t\t\t<\/div>\n\t\t<\/div>\n\t\t\t\t\t<\/div>\n\t\t<\/section>\n\t\t\t\t<\/div>\n\t\t","protected":false},"excerpt":{"rendered":"<p>Pe\u0142nomocnictwo:\u2013\u00a0 \u00a0dane Mocodawcy,\u00a0\u2013\u00a0 \u00a0dane Pe\u0142nomocnika,\u2013\u00a0\u00a0 zakres pe\u0142nomocnictwa,\u2013\u00a0 \u00a0numer ksi\u0119gi wieczystej (je\u017celi pe\u0142nomocnictwo ma by\u0107 wykorzystane do nabycia lub zbycia nieruchomo\u015bci<\/p>\n","protected":false},"author":1,"featured_media":0,"parent":0,"menu_order":0,"comment_status":"closed","ping_status":"closed","template":"page-templates\/template-pagebuilder-full-width.php","meta":{"neve_meta_sidebar":"","neve_meta_container":"","neve_meta_enable_content_width":"","neve_meta_content_width":0,"neve_meta_title_alignment":"","neve_meta_author_avatar":"","neve_post_elements_order":"","neve_meta_disable_header":"","neve_meta_disable_footer":"","neve_meta_disable_title":"","footnotes":""},"class_list":["post-376","page","type-page","status-publish","hentry"],"_links":{"self":[{"href":"https:\/\/notariusz-polanica.pl\/index.php\/wp-json\/wp\/v2\/pages\/376","targetHints":{"allow":["GET"]}}],"collection":[{"href":"https:\/\/notariusz-polanica.pl\/index.php\/wp-json\/wp\/v2\/pages"}],"about":[{"href":"https:\/\/notariusz-polanica.pl\/index.php\/wp-json\/wp\/v2\/types\/page"}],"author":[{"embeddable":true,"href":"https:\/\/notariusz-polanica.pl\/index.php\/wp-json\/wp\/v2\/users\/1"}],"replies":[{"embeddable":true,"href":"https:\/\/notariusz-polanica.pl\/index.php\/wp-json\/wp\/v2\/comments?post=376"}],"version-history":[{"count":104,"href":"https:\/\/notariusz-polanica.pl\/index.php\/wp-json\/wp\/v2\/pages\/376\/revisions"}],"predecessor-version":[{"id":2368,"href":"https:\/\/notariusz-polanica.pl\/index.php\/wp-json\/wp\/v2\/pages\/376\/revisions\/2368"}],"wp:attachment":[{"href":"https:\/\/notariusz-polanica.pl\/index.php\/wp-json\/wp\/v2\/media?parent=376"}],"curies":[{"name":"wp","href":"https:\/\/api.w.org\/{rel}","templated":true}]}}