{"id":23,"date":"2023-03-15T09:16:31","date_gmt":"2023-03-15T08:16:31","guid":{"rendered":"http:\/\/notariusz-polanica.pl\/index.php\/about\/"},"modified":"2023-08-28T20:59:54","modified_gmt":"2023-08-28T18:59:54","slug":"umowa-zbycia-spoldzielczego-wlasnosciowego-prawa-do-lokalu","status":"publish","type":"page","link":"https:\/\/notariusz-polanica.pl\/index.php\/umowa-zbycia-spoldzielczego-wlasnosciowego-prawa-do-lokalu\/","title":{"rendered":"Umowa zbycia sp\u00f3\u0142dzielczego w\u0142asno\u015bciowego prawa do lokalu"},"content":{"rendered":"\t\t<div data-elementor-type=\"wp-page\" data-elementor-id=\"23\" class=\"elementor elementor-23\">\n\t\t\t\t\t\t<section class=\"elementor-section elementor-top-section elementor-element elementor-element-2c6940d elementor-section-boxed elementor-section-height-default elementor-section-height-default\" data-id=\"2c6940d\" data-element_type=\"section\" data-e-type=\"section\">\n\t\t\t\t\t\t<div class=\"elementor-container elementor-column-gap-default\">\n\t\t\t\t\t<div class=\"elementor-column elementor-col-100 elementor-top-column elementor-element elementor-element-867dc4b\" data-id=\"867dc4b\" data-element_type=\"column\" data-e-type=\"column\">\n\t\t\t<div class=\"elementor-widget-wrap elementor-element-populated\">\n\t\t\t\t\t\t<div class=\"elementor-element elementor-element-c8d60b6 elementor-widget elementor-widget-text-editor\" data-id=\"c8d60b6\" data-element_type=\"widget\" data-e-type=\"widget\" data-widget_type=\"text-editor.default\">\n\t\t\t\t<div class=\"elementor-widget-container\">\n\t\t\t\t\t\t\t\t\t<p><strong>Umowa zbycia lokalu mieszkalnego<br \/><\/strong>&#8211;\u00a0\u00a0 podstawa nabycia lokalu (akt notarialny np. umowa sprzeda\u017cy, umowa darowizny\/akt po\u015bwiadczenia dziedziczenia\/prawomocne postanowienie w sprawie o stwierdzenie nabycia spadku\/inne),<br \/>&#8211;\u00a0 w przypadku nabycia lokalu ze spadku albo darowizny po dniu 1 stycznia 2007 r. za\u015bwiadczenie Naczelnika Urz\u0119du Skarbowego potwierdzaj\u0105cego, \u017ce nabycie jest zwolnione od podatku, \u017ce nale\u017cny podatek zosta\u0142 zap\u0142acony albo zobowi\u0105zanie podatkowe wygas\u0142o wskutek przedawnienia,<br \/>&#8211;\u00a0\u00a0 numer ksi\u0119gi wieczystej prowadzonej dla lokalu,<br \/>&#8211;\u00a0\u00a0 za\u015bwiadczenie z Urz\u0119du Gminy, z kt\u00f3rego wynika, czy lokal po\u0142o\u017cony jest w strefie rewitalizacji,<br \/>&#8211;\u00a0\u00a0 za\u015bwiadczenie z Urz\u0119du Gminy, z kt\u00f3rego wynika, \u017ce w lokalu nikt nie jest zameldowany na pobyt sta\u0142y ani czasowy,<br \/>&#8211;\u00a0\u00a0 za\u015bwiadczenie Zarz\u0105dcy budynku, z kt\u00f3rego wynika, \u017ce Strona Sprzedaj\u0105ca nie zalega z p\u0142atno\u015bciami z tytu\u0142u op\u0142at eksploatacyjnych za lokal,<br \/>&#8211;\u00a0\u00a0 \u015bwiadectwo charakterystyki energetycznej dla lokalu,<br \/>&#8211;\u00a0\u00a0 je\u017celi lokal jest obci\u0105\u017cony hipotek\u0105 \u2013 pismo wierzyciela hipotecznego (np. Banku), z kt\u00f3rego wynika zgoda na wykre\u015blenie hipoteki albo z kt\u00f3rego wynika aktualny stan zad\u0142u\u017cenia, numer rachunku do sp\u0142aty zad\u0142u\u017cenia oraz zapewnienie, \u017ce po sp\u0142acie zad\u0142u\u017cenia wierzyciel wyrazi zgod\u0119 na wykre\u015blenie hipoteki,<br \/>&#8211;\u00a0\u00a0 je\u017celi zakup lokalu finansowany jest ze \u015brodk\u00f3w pochodz\u0105cych z kredytu \u2013 umowa kredytowa oraz za\u015bwiadczenie Banku do ustanowienia hipoteki w akcie notarialnym,<br \/>&#8211;\u00a0\u00a0 szczeg\u00f3\u0142y transakcji: cena, spos\u00f3b jej zap\u0142aty, numer rachunku bankowego do zap\u0142aty, termin wydania lokalu do posiadania.<\/p>\t\t\t\t\t\t\t\t<\/div>\n\t\t\t\t<\/div>\n\t\t\t\t\t<\/div>\n\t\t<\/div>\n\t\t\t\t\t<\/div>\n\t\t<\/section>\n\t\t\t\t<\/div>\n\t\t","protected":false},"excerpt":{"rendered":"<p>Umowa zbycia lokalu mieszkalnego&#8211;\u00a0\u00a0 podstawa nabycia lokalu (akt notarialny np. umowa sprzeda\u017cy, umowa darowizny\/akt po\u015bwiadczenia dziedziczenia\/prawomocne postanowienie w sprawie o stwierdzenie nabycia spadku\/inne),&#8211;\u00a0 w przypadku nabycia lokalu ze spadku albo darowizny po dniu 1 stycznia 2007 r. za\u015bwiadczenie Naczelnika Urz\u0119du Skarbowego potwierdzaj\u0105cego, \u017ce nabycie jest zwolnione od podatku, \u017ce nale\u017cny podatek zosta\u0142 zap\u0142acony albo zobowi\u0105zanie&hellip;&nbsp;<a href=\"https:\/\/notariusz-polanica.pl\/index.php\/umowa-zbycia-spoldzielczego-wlasnosciowego-prawa-do-lokalu\/\" class=\"\" rel=\"bookmark\">Czytaj dalej &raquo;<span class=\"screen-reader-text\">Umowa zbycia sp\u00f3\u0142dzielczego w\u0142asno\u015bciowego prawa do lokalu<\/span><\/a><\/p>\n","protected":false},"author":1,"featured_media":0,"parent":0,"menu_order":0,"comment_status":"closed","ping_status":"closed","template":"elementor_header_footer","meta":{"neve_meta_sidebar":"","neve_meta_container":"","neve_meta_enable_content_width":"","neve_meta_content_width":0,"neve_meta_title_alignment":"","neve_meta_author_avatar":"","neve_post_elements_order":"","neve_meta_disable_header":"","neve_meta_disable_footer":"","neve_meta_disable_title":"","footnotes":""},"class_list":["post-23","page","type-page","status-publish","hentry"],"_links":{"self":[{"href":"https:\/\/notariusz-polanica.pl\/index.php\/wp-json\/wp\/v2\/pages\/23","targetHints":{"allow":["GET"]}}],"collection":[{"href":"https:\/\/notariusz-polanica.pl\/index.php\/wp-json\/wp\/v2\/pages"}],"about":[{"href":"https:\/\/notariusz-polanica.pl\/index.php\/wp-json\/wp\/v2\/types\/page"}],"author":[{"embeddable":true,"href":"https:\/\/notariusz-polanica.pl\/index.php\/wp-json\/wp\/v2\/users\/1"}],"replies":[{"embeddable":true,"href":"https:\/\/notariusz-polanica.pl\/index.php\/wp-json\/wp\/v2\/comments?post=23"}],"version-history":[{"count":21,"href":"https:\/\/notariusz-polanica.pl\/index.php\/wp-json\/wp\/v2\/pages\/23\/revisions"}],"predecessor-version":[{"id":2323,"href":"https:\/\/notariusz-polanica.pl\/index.php\/wp-json\/wp\/v2\/pages\/23\/revisions\/2323"}],"wp:attachment":[{"href":"https:\/\/notariusz-polanica.pl\/index.php\/wp-json\/wp\/v2\/media?parent=23"}],"curies":[{"name":"wp","href":"https:\/\/api.w.org\/{rel}","templated":true}]}}