{"id":1423,"date":"2023-08-06T14:07:28","date_gmt":"2023-08-06T12:07:28","guid":{"rendered":"https:\/\/notariusz-polanica.pl\/?page_id=1423"},"modified":"2023-08-28T21:19:03","modified_gmt":"2023-08-28T19:19:03","slug":"o-kancelarii-2","status":"publish","type":"page","link":"https:\/\/notariusz-polanica.pl\/","title":{"rendered":"O Kancelarii"},"content":{"rendered":"\t\t<div data-elementor-type=\"wp-page\" data-elementor-id=\"1423\" class=\"elementor elementor-1423\">\n\t\t\t\t\t\t<section class=\"elementor-section elementor-top-section elementor-element elementor-element-80d1c77 elementor-section-boxed elementor-section-height-default elementor-section-height-default\" data-id=\"80d1c77\" data-element_type=\"section\" data-e-type=\"section\">\n\t\t\t\t\t\t<div class=\"elementor-container elementor-column-gap-default\">\n\t\t\t\t\t<div class=\"elementor-column elementor-col-100 elementor-top-column elementor-element elementor-element-f068afa\" data-id=\"f068afa\" data-element_type=\"column\" data-e-type=\"column\" data-settings=\"{&quot;background_background&quot;:&quot;gradient&quot;}\">\n\t\t\t<div class=\"elementor-widget-wrap elementor-element-populated\">\n\t\t\t\t\t\t<div class=\"elementor-element elementor-element-6019036 elementor-widget__width-initial elementor-widget elementor-widget-spacer\" data-id=\"6019036\" data-element_type=\"widget\" data-e-type=\"widget\" data-widget_type=\"spacer.default\">\n\t\t\t\t<div class=\"elementor-widget-container\">\n\t\t\t\t\t\t\t<div class=\"elementor-spacer\">\n\t\t\t<div class=\"elementor-spacer-inner\"><\/div>\n\t\t<\/div>\n\t\t\t\t\t\t<\/div>\n\t\t\t\t<\/div>\n\t\t\t\t<div class=\"elementor-element elementor-element-90e7184 elementor-widget__width-initial elementor-absolute elementor-widget elementor-widget-spacer\" data-id=\"90e7184\" data-element_type=\"widget\" data-e-type=\"widget\" data-settings=\"{&quot;_position&quot;:&quot;absolute&quot;}\" data-widget_type=\"spacer.default\">\n\t\t\t\t<div class=\"elementor-widget-container\">\n\t\t\t\t\t\t\t<div class=\"elementor-spacer\">\n\t\t\t<div class=\"elementor-spacer-inner\"><\/div>\n\t\t<\/div>\n\t\t\t\t\t\t<\/div>\n\t\t\t\t<\/div>\n\t\t\t\t<div class=\"elementor-element elementor-element-f98f40d elementor-widget__width-initial elementor-absolute elementor-widget-mobile__width-initial elementor-invisible elementor-widget elementor-widget-spacer\" data-id=\"f98f40d\" data-element_type=\"widget\" data-e-type=\"widget\" data-settings=\"{&quot;_position&quot;:&quot;absolute&quot;,&quot;_animation&quot;:&quot;fadeInLeft&quot;}\" data-widget_type=\"spacer.default\">\n\t\t\t\t<div class=\"elementor-widget-container\">\n\t\t\t\t\t\t\t<div class=\"elementor-spacer\">\n\t\t\t<div class=\"elementor-spacer-inner\"><\/div>\n\t\t<\/div>\n\t\t\t\t\t\t<\/div>\n\t\t\t\t<\/div>\n\t\t\t\t<div class=\"elementor-element elementor-element-3e10a06 elementor-widget__width-initial elementor-absolute elementor-invisible elementor-widget elementor-widget-spacer\" data-id=\"3e10a06\" data-element_type=\"widget\" data-e-type=\"widget\" data-settings=\"{&quot;_position&quot;:&quot;absolute&quot;,&quot;_animation&quot;:&quot;fadeInLeft&quot;}\" data-widget_type=\"spacer.default\">\n\t\t\t\t<div class=\"elementor-widget-container\">\n\t\t\t\t\t\t\t<div class=\"elementor-spacer\">\n\t\t\t<div class=\"elementor-spacer-inner\"><\/div>\n\t\t<\/div>\n\t\t\t\t\t\t<\/div>\n\t\t\t\t<\/div>\n\t\t\t\t<div class=\"elementor-element elementor-element-1d00244 elementor-widget__width-initial elementor-absolute elementor-invisible elementor-widget elementor-widget-spacer\" data-id=\"1d00244\" data-element_type=\"widget\" data-e-type=\"widget\" data-settings=\"{&quot;_position&quot;:&quot;absolute&quot;,&quot;_animation&quot;:&quot;fadeInRight&quot;}\" data-widget_type=\"spacer.default\">\n\t\t\t\t<div class=\"elementor-widget-container\">\n\t\t\t\t\t\t\t<div class=\"elementor-spacer\">\n\t\t\t<div class=\"elementor-spacer-inner\"><\/div>\n\t\t<\/div>\n\t\t\t\t\t\t<\/div>\n\t\t\t\t<\/div>\n\t\t\t\t<div class=\"elementor-element elementor-element-25bfbf3 elementor-absolute elementor-invisible elementor-widget elementor-widget-heading\" data-id=\"25bfbf3\" data-element_type=\"widget\" data-e-type=\"widget\" data-settings=\"{&quot;_position&quot;:&quot;absolute&quot;,&quot;_animation&quot;:&quot;fadeIn&quot;}\" data-widget_type=\"heading.default\">\n\t\t\t\t<div class=\"elementor-widget-container\">\n\t\t\t\t\t<h2 class=\"elementor-heading-title elementor-size-default\">KANCELARIA NOTARIALNA<\/h2>\t\t\t\t<\/div>\n\t\t\t\t<\/div>\n\t\t\t\t<div class=\"elementor-element elementor-element-4b79b2c elementor-absolute elementor-widget-mobile__width-initial elementor-invisible elementor-widget elementor-widget-heading\" data-id=\"4b79b2c\" data-element_type=\"widget\" data-e-type=\"widget\" data-settings=\"{&quot;_position&quot;:&quot;absolute&quot;,&quot;_animation&quot;:&quot;fadeIn&quot;}\" data-widget_type=\"heading.default\">\n\t\t\t\t<div class=\"elementor-widget-container\">\n\t\t\t\t\t<h2 class=\"elementor-heading-title elementor-size-medium\">JAKUB WENCKOWSKI\n<\/h2>\t\t\t\t<\/div>\n\t\t\t\t<\/div>\n\t\t\t\t\t<\/div>\n\t\t<\/div>\n\t\t\t\t\t<\/div>\n\t\t<\/section>\n\t\t\t\t<section class=\"elementor-section elementor-top-section elementor-element elementor-element-332edbc elementor-section-boxed elementor-section-height-default elementor-section-height-default\" data-id=\"332edbc\" data-element_type=\"section\" data-e-type=\"section\">\n\t\t\t\t\t\t<div class=\"elementor-container elementor-column-gap-default\">\n\t\t\t\t\t<div class=\"elementor-column elementor-col-100 elementor-top-column elementor-element elementor-element-02d7923\" data-id=\"02d7923\" data-element_type=\"column\" data-e-type=\"column\">\n\t\t\t<div class=\"elementor-widget-wrap elementor-element-populated\">\n\t\t\t\t\t\t<div class=\"elementor-element elementor-element-c1d412f elementor-widget__width-initial elementor-widget-mobile__width-initial elementor-widget elementor-widget-spacer\" data-id=\"c1d412f\" data-element_type=\"widget\" data-e-type=\"widget\" data-widget_type=\"spacer.default\">\n\t\t\t\t<div class=\"elementor-widget-container\">\n\t\t\t\t\t\t\t<div class=\"elementor-spacer\">\n\t\t\t<div class=\"elementor-spacer-inner\"><\/div>\n\t\t<\/div>\n\t\t\t\t\t\t<\/div>\n\t\t\t\t<\/div>\n\t\t\t\t<div class=\"elementor-element elementor-element-3e0b7b6 elementor-widget elementor-widget-spacer\" data-id=\"3e0b7b6\" data-element_type=\"widget\" data-e-type=\"widget\" data-widget_type=\"spacer.default\">\n\t\t\t\t<div class=\"elementor-widget-container\">\n\t\t\t\t\t\t\t<div class=\"elementor-spacer\">\n\t\t\t<div class=\"elementor-spacer-inner\"><\/div>\n\t\t<\/div>\n\t\t\t\t\t\t<\/div>\n\t\t\t\t<\/div>\n\t\t\t\t<div class=\"elementor-element elementor-element-d5500dc elementor-align-start elementor-widget-mobile__width-initial elementor-widget__width-initial elementor-absolute elementor-list-item-link-full_width elementor-widget elementor-widget-icon-list\" data-id=\"d5500dc\" data-element_type=\"widget\" data-e-type=\"widget\" data-settings=\"{&quot;_position&quot;:&quot;absolute&quot;}\" data-widget_type=\"icon-list.default\">\n\t\t\t\t<div class=\"elementor-widget-container\">\n\t\t\t\t\t\t\t<ul class=\"elementor-icon-list-items\">\n\t\t\t\t\t\t\t<li class=\"elementor-icon-list-item\">\n\t\t\t\t\t\t\t\t\t\t\t<span class=\"elementor-icon-list-icon\">\n\t\t\t\t\t\t\t<i aria-hidden=\"true\" class=\"fas fa-mobile-alt\"><\/i>\t\t\t\t\t\t<\/span>\n\t\t\t\t\t\t\t\t\t\t<span class=\"elementor-icon-list-text\">507 213 554<\/span>\n\t\t\t\t\t\t\t\t\t<\/li>\n\t\t\t\t\t\t\t\t<li class=\"elementor-icon-list-item\">\n\t\t\t\t\t\t\t\t\t\t\t<span class=\"elementor-icon-list-icon\">\n\t\t\t\t\t\t\t<i aria-hidden=\"true\" class=\"fab fa-whatsapp\"><\/i>\t\t\t\t\t\t<\/span>\n\t\t\t\t\t\t\t\t\t\t<span class=\"elementor-icon-list-text\">507 213 554<\/span>\n\t\t\t\t\t\t\t\t\t<\/li>\n\t\t\t\t\t\t\t\t<li class=\"elementor-icon-list-item\">\n\t\t\t\t\t\t\t\t\t\t\t<span class=\"elementor-icon-list-icon\">\n\t\t\t\t\t\t\t<i aria-hidden=\"true\" class=\"fas fa-mail-bulk\"><\/i>\t\t\t\t\t\t<\/span>\n\t\t\t\t\t\t\t\t\t\t<span class=\"elementor-icon-list-text\">kancelaria@notariusz-polanica.pl\u00a0<\/span>\n\t\t\t\t\t\t\t\t\t<\/li>\n\t\t\t\t\t\t\t\t<li class=\"elementor-icon-list-item\">\n\t\t\t\t\t\t\t\t\t\t\t<a href=\"https:\/\/www.google.com\/maps\/place\/Kancelaria+Notarialna+Jakub+Wenckowski\/@50.40449,16.512441,15z\/data=!4m2!3m1!1s0x0:0xe43e795ddbff03a0?sa=X&#038;ved=2ahUKEwjRv5_KyfWAAxUDFhAIHUNgBpYQ_BJ6BAg2EAA&#038;ved=2ahUKEwjRv5_KyfWAAxUDFhAIHUNgBpYQ_BJ6BAhIEAg\" target=\"_blank\">\n\n\t\t\t\t\t\t\t\t\t\t\t\t<span class=\"elementor-icon-list-icon\">\n\t\t\t\t\t\t\t<i aria-hidden=\"true\" class=\"fas fa-map-marker-alt\"><\/i>\t\t\t\t\t\t<\/span>\n\t\t\t\t\t\t\t\t\t\t<span class=\"elementor-icon-list-text\">Aleja Wojska Polskiego 2\/LU 4, 57-320 Polanica-Zdr\u00f3j <\/span>\n\t\t\t\t\t\t\t\t\t\t\t<\/a>\n\t\t\t\t\t\t\t\t\t<\/li>\n\t\t\t\t\t\t<\/ul>\n\t\t\t\t\t\t<\/div>\n\t\t\t\t<\/div>\n\t\t\t\t<div class=\"elementor-element elementor-element-14ec3ab elementor-widget__width-initial elementor-absolute elementor-widget-mobile__width-initial elementor-invisible elementor-widget elementor-widget-image\" data-id=\"14ec3ab\" data-element_type=\"widget\" data-e-type=\"widget\" data-settings=\"{&quot;_position&quot;:&quot;absolute&quot;,&quot;_animation&quot;:&quot;fadeInLeft&quot;}\" data-widget_type=\"image.default\">\n\t\t\t\t<div class=\"elementor-widget-container\">\n\t\t\t\t\t\t\t\t\t\t\t\t\t\t\t<img fetchpriority=\"high\" decoding=\"async\" width=\"647\" height=\"1024\" src=\"http:\/\/notariusz-polanica.pl\/wp-content\/uploads\/2023\/08\/kuba-sam-2-647x1024.jpg\" class=\"attachment-large size-large wp-image-472\" alt=\"\" srcset=\"http:\/\/notariusz-polanica.pl\/wp-content\/uploads\/2023\/08\/kuba-sam-2-647x1024.jpg 647w, http:\/\/notariusz-polanica.pl\/wp-content\/uploads\/2023\/08\/kuba-sam-2-189x300.jpg 189w, http:\/\/notariusz-polanica.pl\/wp-content\/uploads\/2023\/08\/kuba-sam-2-768x1216.jpg 768w, http:\/\/notariusz-polanica.pl\/wp-content\/uploads\/2023\/08\/kuba-sam-2-970x1536.jpg 970w, http:\/\/notariusz-polanica.pl\/wp-content\/uploads\/2023\/08\/kuba-sam-2-1293x2048.jpg 1293w, http:\/\/notariusz-polanica.pl\/wp-content\/uploads\/2023\/08\/kuba-sam-2.jpg 1510w\" sizes=\"(max-width: 647px) 100vw, 647px\" \/>\t\t\t\t\t\t\t\t\t\t\t\t\t\t\t<\/div>\n\t\t\t\t<\/div>\n\t\t\t\t\t<\/div>\n\t\t<\/div>\n\t\t\t\t\t<\/div>\n\t\t<\/section>\n\t\t\t\t<section class=\"elementor-section elementor-top-section elementor-element elementor-element-e1458de elementor-section-boxed elementor-section-height-default elementor-section-height-default\" data-id=\"e1458de\" data-element_type=\"section\" data-e-type=\"section\">\n\t\t\t\t\t\t<div class=\"elementor-container elementor-column-gap-default\">\n\t\t\t\t\t<div class=\"elementor-column elementor-col-100 elementor-top-column elementor-element elementor-element-dd14743\" data-id=\"dd14743\" data-element_type=\"column\" data-e-type=\"column\">\n\t\t\t<div class=\"elementor-widget-wrap elementor-element-populated\">\n\t\t\t\t\t\t<div class=\"elementor-element elementor-element-c6f8c13 elementor-widget__width-initial elementor-absolute elementor-widget-mobile__width-initial elementor-invisible elementor-widget elementor-widget-text-editor\" data-id=\"c6f8c13\" data-element_type=\"widget\" data-e-type=\"widget\" data-settings=\"{&quot;_position&quot;:&quot;absolute&quot;,&quot;_animation&quot;:&quot;fadeInRight&quot;}\" data-widget_type=\"text-editor.default\">\n\t\t\t\t<div class=\"elementor-widget-container\">\n\t\t\t\t\t\t\t\t\t<p>\u00a0\u00a0\u00a0\u00a0\u00a0\u00a0\u00a0\u00a0\u00a0\u00a0\u00a0 Witam na stronie internetowej prowadzonej przeze mnie Kancelarii Notarialnej w Polanicy-Zdroju. Mam nadziej\u0119, \u017ce pos\u0142u\u017cy Pa\u0144stwu w celu zdobycia niezb\u0119dnych informacji co do przygotowania oraz przebiegu czynno\u015bci notarialnych.<\/p><p>\u00a0\u00a0\u00a0\u00a0\u00a0\u00a0\u00a0\u00a0\u00a0\u00a0\u00a0 Jako Notariusz zosta\u0142em powo\u0142any do dokonywania czynno\u015bci, kt\u00f3rym strony s\u0105 obowi\u0105zane lub pragn\u0105 nada\u0107 form\u0119 notarialn\u0105. Moim zadaniem jest wys\u0142ucha\u0107 i zrozumie\u0107 Pa\u0144stwa potrzeby, tak aby jak najskuteczniej zabezpieczy\u0107 interesy Pa\u0144stwa oraz interesy innych os\u00f3b, dla kt\u00f3rych czynno\u015b\u0107 notarialna mo\u017ce powodowa\u0107 skutki prawne.<\/p><p>\u00a0\u00a0\u00a0\u00a0\u00a0\u00a0\u00a0\u00a0\u00a0\u00a0\u00a0 Zapewniam profesjonaln\u0105 obs\u0142ug\u0119 i wysok\u0105 jako\u015b\u0107 \u015bwiadczonych us\u0142ug maj\u0105c na wzgl\u0119dzie dochowanie tajemnicy notarialnej oraz zasad\u0119 bezstronno\u015bci. Zale\u017cy mi, aby zawi\u0142o\u015bci prawne by\u0142y wyja\u015bniane w prosty i zrozumia\u0142y spos\u00f3b, a czynno\u015bci notarialne przebiega\u0142y w mi\u0142ej atmosferze. Wszelkie porady udzielane w zwi\u0105zku z dokonywan\u0105 czynno\u015bci\u0105 s\u0105 nieodp\u0142atne.<\/p><p>\u00a0\u00a0\u00a0\u00a0\u00a0\u00a0\u00a0\u00a0\u00a0\u00a0\u00a0 Zapraszam do kontaktu.<\/p>\t\t\t\t\t\t\t\t<\/div>\n\t\t\t\t<\/div>\n\t\t\t\t\t<\/div>\n\t\t<\/div>\n\t\t\t\t\t<\/div>\n\t\t<\/section>\n\t\t\t\t<\/div>\n\t\t","protected":false},"excerpt":{"rendered":"<p>KANCELARIA NOTARIALNA JAKUB WENCKOWSKI 507 213 554 507 213 554 kancelaria@notariusz-polanica.pl\u00a0 Aleja Wojska Polskiego 2\/LU 4, 57-320 Polanica-Zdr\u00f3j \u00a0\u00a0\u00a0\u00a0\u00a0\u00a0\u00a0\u00a0\u00a0\u00a0\u00a0 Witam na stronie internetowej prowadzonej przeze mnie Kancelarii Notarialnej w Polanicy-Zdroju. Mam nadziej\u0119, \u017ce pos\u0142u\u017cy Pa\u0144stwu w celu zdobycia niezb\u0119dnych informacji co do przygotowania oraz przebiegu czynno\u015bci notarialnych. \u00a0\u00a0\u00a0\u00a0\u00a0\u00a0\u00a0\u00a0\u00a0\u00a0\u00a0 Jako Notariusz zosta\u0142em powo\u0142any do dokonywania czynno\u015bci,&hellip;&nbsp;<a href=\"https:\/\/notariusz-polanica.pl\/\" class=\"\" rel=\"bookmark\">Czytaj dalej &raquo;<span class=\"screen-reader-text\">O Kancelarii<\/span><\/a><\/p>\n","protected":false},"author":1,"featured_media":0,"parent":0,"menu_order":0,"comment_status":"closed","ping_status":"closed","template":"","meta":{"neve_meta_sidebar":"","neve_meta_container":"","neve_meta_enable_content_width":"","neve_meta_content_width":0,"neve_meta_title_alignment":"","neve_meta_author_avatar":"","neve_post_elements_order":"","neve_meta_disable_header":"","neve_meta_disable_footer":"","neve_meta_disable_title":"","footnotes":""},"class_list":["post-1423","page","type-page","status-publish","hentry"],"_links":{"self":[{"href":"https:\/\/notariusz-polanica.pl\/index.php\/wp-json\/wp\/v2\/pages\/1423","targetHints":{"allow":["GET"]}}],"collection":[{"href":"https:\/\/notariusz-polanica.pl\/index.php\/wp-json\/wp\/v2\/pages"}],"about":[{"href":"https:\/\/notariusz-polanica.pl\/index.php\/wp-json\/wp\/v2\/types\/page"}],"author":[{"embeddable":true,"href":"https:\/\/notariusz-polanica.pl\/index.php\/wp-json\/wp\/v2\/users\/1"}],"replies":[{"embeddable":true,"href":"https:\/\/notariusz-polanica.pl\/index.php\/wp-json\/wp\/v2\/comments?post=1423"}],"version-history":[{"count":169,"href":"https:\/\/notariusz-polanica.pl\/index.php\/wp-json\/wp\/v2\/pages\/1423\/revisions"}],"predecessor-version":[{"id":2389,"href":"https:\/\/notariusz-polanica.pl\/index.php\/wp-json\/wp\/v2\/pages\/1423\/revisions\/2389"}],"wp:attachment":[{"href":"https:\/\/notariusz-polanica.pl\/index.php\/wp-json\/wp\/v2\/media?parent=1423"}],"curies":[{"name":"wp","href":"https:\/\/api.w.org\/{rel}","templated":true}]}}