{"id":1359,"date":"2023-08-06T12:44:11","date_gmt":"2023-08-06T10:44:11","guid":{"rendered":"https:\/\/notariusz-polanica.pl\/?page_id=1359"},"modified":"2023-08-28T21:05:18","modified_gmt":"2023-08-28T19:05:18","slug":"akt-poswiadczenia-dziedziczenia","status":"publish","type":"page","link":"https:\/\/notariusz-polanica.pl\/index.php\/akt-poswiadczenia-dziedziczenia\/","title":{"rendered":"Akt po\u015bwiadczenia dziedziczenia"},"content":{"rendered":"\t\t<div data-elementor-type=\"wp-page\" data-elementor-id=\"1359\" class=\"elementor elementor-1359\">\n\t\t\t\t\t\t<section class=\"elementor-section elementor-top-section elementor-element elementor-element-facdd85 elementor-section-boxed elementor-section-height-default elementor-section-height-default\" data-id=\"facdd85\" data-element_type=\"section\" data-e-type=\"section\">\n\t\t\t\t\t\t<div class=\"elementor-container elementor-column-gap-default\">\n\t\t\t\t\t<div class=\"elementor-column elementor-col-100 elementor-top-column elementor-element elementor-element-c1868b2\" data-id=\"c1868b2\" data-element_type=\"column\" data-e-type=\"column\" data-settings=\"{&quot;background_background&quot;:&quot;gradient&quot;}\">\n\t\t\t<div class=\"elementor-widget-wrap elementor-element-populated\">\n\t\t\t\t\t\t<div class=\"elementor-element elementor-element-736a212 elementor-widget__width-initial elementor-widget elementor-widget-text-editor\" data-id=\"736a212\" data-element_type=\"widget\" data-e-type=\"widget\" data-widget_type=\"text-editor.default\">\n\t\t\t\t<div class=\"elementor-widget-container\">\n\t\t\t\t\t\t\t\t\t<p><strong>Akt po\u015bwiadczenia dziedziczenia<\/strong><br \/>&#8211; odpis aktu zgonu spadkodawcy,<br \/>&#8211; za\u015bwiadczenie o numerze PESEL spadkodawcy,<br \/>&#8211; odpisy akt\u00f3w stanu cywilnego os\u00f3b powo\u0142anych do spadku z ustawy;<br \/>&#8211; inne dokumenty mog\u0105ce mie\u0107 wp\u0142yw na ustalenie praw do spadku (np. testament, umowa<br \/>zrzeczenia si\u0119 dziedziczenia).<\/p>\t\t\t\t\t\t\t\t<\/div>\n\t\t\t\t<\/div>\n\t\t\t\t\t<\/div>\n\t\t<\/div>\n\t\t\t\t\t<\/div>\n\t\t<\/section>\n\t\t\t\t<\/div>\n\t\t","protected":false},"excerpt":{"rendered":"<p>Akt po\u015bwiadczenia dziedziczenia&#8211; odpis aktu zgonu spadkodawcy,&#8211; za\u015bwiadczenie o numerze PESEL spadkodawcy,&#8211; odpisy akt\u00f3w stanu cywilnego os\u00f3b powo\u0142anych do spadku z ustawy;&#8211; inne dokumenty mog\u0105ce mie\u0107 wp\u0142yw na ustalenie praw do spadku (np. testament, umowazrzeczenia si\u0119 dziedziczenia).<\/p>\n","protected":false},"author":1,"featured_media":0,"parent":0,"menu_order":0,"comment_status":"closed","ping_status":"closed","template":"page-templates\/template-pagebuilder-full-width.php","meta":{"neve_meta_sidebar":"","neve_meta_container":"","neve_meta_enable_content_width":"","neve_meta_content_width":0,"neve_meta_title_alignment":"","neve_meta_author_avatar":"","neve_post_elements_order":"","neve_meta_disable_header":"","neve_meta_disable_footer":"","neve_meta_disable_title":"","footnotes":""},"class_list":["post-1359","page","type-page","status-publish","hentry"],"_links":{"self":[{"href":"https:\/\/notariusz-polanica.pl\/index.php\/wp-json\/wp\/v2\/pages\/1359","targetHints":{"allow":["GET"]}}],"collection":[{"href":"https:\/\/notariusz-polanica.pl\/index.php\/wp-json\/wp\/v2\/pages"}],"about":[{"href":"https:\/\/notariusz-polanica.pl\/index.php\/wp-json\/wp\/v2\/types\/page"}],"author":[{"embeddable":true,"href":"https:\/\/notariusz-polanica.pl\/index.php\/wp-json\/wp\/v2\/users\/1"}],"replies":[{"embeddable":true,"href":"https:\/\/notariusz-polanica.pl\/index.php\/wp-json\/wp\/v2\/comments?post=1359"}],"version-history":[{"count":10,"href":"https:\/\/notariusz-polanica.pl\/index.php\/wp-json\/wp\/v2\/pages\/1359\/revisions"}],"predecessor-version":[{"id":2350,"href":"https:\/\/notariusz-polanica.pl\/index.php\/wp-json\/wp\/v2\/pages\/1359\/revisions\/2350"}],"wp:attachment":[{"href":"https:\/\/notariusz-polanica.pl\/index.php\/wp-json\/wp\/v2\/media?parent=1359"}],"curies":[{"name":"wp","href":"https:\/\/api.w.org\/{rel}","templated":true}]}}