{"id":1105,"date":"2023-08-05T19:16:55","date_gmt":"2023-08-05T17:16:55","guid":{"rendered":"https:\/\/notariusz-polanica.pl\/?page_id=1105"},"modified":"2023-08-28T21:10:00","modified_gmt":"2023-08-28T19:10:00","slug":"umowa-majatkowa-malzenska","status":"publish","type":"page","link":"https:\/\/notariusz-polanica.pl\/index.php\/umowa-majatkowa-malzenska\/","title":{"rendered":"UMOWA MAJ\u0104TKOWA MA\u0141\u017bE\u0143SKA"},"content":{"rendered":"\t\t<div data-elementor-type=\"wp-page\" data-elementor-id=\"1105\" class=\"elementor elementor-1105\">\n\t\t\t\t\t\t<section class=\"elementor-section elementor-top-section elementor-element elementor-element-0cc26f5 elementor-section-boxed elementor-section-height-default elementor-section-height-default\" data-id=\"0cc26f5\" data-element_type=\"section\" data-e-type=\"section\">\n\t\t\t\t\t\t<div class=\"elementor-container elementor-column-gap-default\">\n\t\t\t\t\t<div class=\"elementor-column elementor-col-100 elementor-top-column elementor-element elementor-element-ccb46cd\" data-id=\"ccb46cd\" data-element_type=\"column\" data-e-type=\"column\" data-settings=\"{&quot;background_background&quot;:&quot;gradient&quot;}\">\n\t\t\t<div class=\"elementor-widget-wrap elementor-element-populated\">\n\t\t\t\t\t\t<div class=\"elementor-element elementor-element-8d1956c elementor-widget__width-initial elementor-widget elementor-widget-text-editor\" data-id=\"8d1956c\" data-element_type=\"widget\" data-e-type=\"widget\" data-widget_type=\"text-editor.default\">\n\t\t\t\t<div class=\"elementor-widget-container\">\n\t\t\t\t\t\t\t\t\t<p><strong>Umowa maj\u0105tkowa ma\u0142\u017ce\u0144ska<br \/><\/strong>\u2013\u00a0 \u00a0odpis skr\u00f3cony aktu ma\u0142\u017ce\u0144stwa,<br \/>\u2013\u00a0 \u00a0w przypadku umowy przedma\u0142\u017ce\u0144skiej \u2013 planowana data \u015blubu<\/p>\t\t\t\t\t\t\t\t<\/div>\n\t\t\t\t<\/div>\n\t\t\t\t\t<\/div>\n\t\t<\/div>\n\t\t\t\t\t<\/div>\n\t\t<\/section>\n\t\t\t\t<\/div>\n\t\t","protected":false},"excerpt":{"rendered":"<p>Umowa maj\u0105tkowa ma\u0142\u017ce\u0144ska\u2013\u00a0 \u00a0odpis skr\u00f3cony aktu ma\u0142\u017ce\u0144stwa,\u2013\u00a0 \u00a0w przypadku umowy przedma\u0142\u017ce\u0144skiej \u2013 planowana data \u015blubu<\/p>\n","protected":false},"author":1,"featured_media":0,"parent":0,"menu_order":0,"comment_status":"closed","ping_status":"closed","template":"page-templates\/template-pagebuilder-full-width.php","meta":{"neve_meta_sidebar":"","neve_meta_container":"","neve_meta_enable_content_width":"","neve_meta_content_width":0,"neve_meta_title_alignment":"","neve_meta_author_avatar":"","neve_post_elements_order":"","neve_meta_disable_header":"","neve_meta_disable_footer":"","neve_meta_disable_title":"","footnotes":""},"class_list":["post-1105","page","type-page","status-publish","hentry"],"_links":{"self":[{"href":"https:\/\/notariusz-polanica.pl\/index.php\/wp-json\/wp\/v2\/pages\/1105","targetHints":{"allow":["GET"]}}],"collection":[{"href":"https:\/\/notariusz-polanica.pl\/index.php\/wp-json\/wp\/v2\/pages"}],"about":[{"href":"https:\/\/notariusz-polanica.pl\/index.php\/wp-json\/wp\/v2\/types\/page"}],"author":[{"embeddable":true,"href":"https:\/\/notariusz-polanica.pl\/index.php\/wp-json\/wp\/v2\/users\/1"}],"replies":[{"embeddable":true,"href":"https:\/\/notariusz-polanica.pl\/index.php\/wp-json\/wp\/v2\/comments?post=1105"}],"version-history":[{"count":19,"href":"https:\/\/notariusz-polanica.pl\/index.php\/wp-json\/wp\/v2\/pages\/1105\/revisions"}],"predecessor-version":[{"id":2362,"href":"https:\/\/notariusz-polanica.pl\/index.php\/wp-json\/wp\/v2\/pages\/1105\/revisions\/2362"}],"wp:attachment":[{"href":"https:\/\/notariusz-polanica.pl\/index.php\/wp-json\/wp\/v2\/media?parent=1105"}],"curies":[{"name":"wp","href":"https:\/\/api.w.org\/{rel}","templated":true}]}}