{"id":1093,"date":"2023-08-05T19:14:07","date_gmt":"2023-08-05T17:14:07","guid":{"rendered":"https:\/\/notariusz-polanica.pl\/?page_id=1093"},"modified":"2023-08-28T21:06:02","modified_gmt":"2023-08-28T19:06:02","slug":"przejecie-odrzucenie-spadku","status":"publish","type":"page","link":"https:\/\/notariusz-polanica.pl\/index.php\/przejecie-odrzucenie-spadku\/","title":{"rendered":"PRZEJ\u0118CIE\/ODRZUCENIE SPADKU"},"content":{"rendered":"\t\t<div data-elementor-type=\"wp-page\" data-elementor-id=\"1093\" class=\"elementor elementor-1093\">\n\t\t\t\t\t\t<section class=\"elementor-section elementor-top-section elementor-element elementor-element-2a09fa3 elementor-section-boxed elementor-section-height-default elementor-section-height-default\" data-id=\"2a09fa3\" data-element_type=\"section\" data-e-type=\"section\">\n\t\t\t\t\t\t<div class=\"elementor-container elementor-column-gap-default\">\n\t\t\t\t\t<div class=\"elementor-column elementor-col-100 elementor-top-column elementor-element elementor-element-ebe5cb1\" data-id=\"ebe5cb1\" data-element_type=\"column\" data-e-type=\"column\" data-settings=\"{&quot;background_background&quot;:&quot;gradient&quot;}\">\n\t\t\t<div class=\"elementor-widget-wrap elementor-element-populated\">\n\t\t\t\t\t\t<div class=\"elementor-element elementor-element-0cdc433 elementor-widget__width-initial elementor-widget elementor-widget-text-editor\" data-id=\"0cdc433\" data-element_type=\"widget\" data-e-type=\"widget\" data-widget_type=\"text-editor.default\">\n\t\t\t\t<div class=\"elementor-widget-container\">\n\t\t\t\t\t\t\t\t\t<p><strong>Przyj\u0119cie\/odrzucenie spadku<br \/><\/strong>\u2013\u00a0\u00a0 odpis skr\u00f3cony aktu zgonu zmar\u0142ego,<br \/>\u2013\u00a0\u00a0 ostatnie miejsce zamieszkania zmar\u0142ego,<br \/>\u2013 \u00a0\u00a0pozosta\u0142y kr\u0105g spadkobierc\u00f3w (czyli osoby, kt\u00f3re dziedzicz\u0105 na r\u00f3wni ze stawaj\u0105cym oraz osoby, kt\u00f3re wejd\u0105 do kr\u0119gu spadkobierc\u00f3w wskutek odrzucenia przez stawaj\u0105cego)<\/p>\t\t\t\t\t\t\t\t<\/div>\n\t\t\t\t<\/div>\n\t\t\t\t<div class=\"elementor-element elementor-element-10fb648 elementor-widget elementor-widget-spacer\" data-id=\"10fb648\" data-element_type=\"widget\" data-e-type=\"widget\" data-widget_type=\"spacer.default\">\n\t\t\t\t<div class=\"elementor-widget-container\">\n\t\t\t\t\t\t\t<div class=\"elementor-spacer\">\n\t\t\t<div class=\"elementor-spacer-inner\"><\/div>\n\t\t<\/div>\n\t\t\t\t\t\t<\/div>\n\t\t\t\t<\/div>\n\t\t\t\t\t<\/div>\n\t\t<\/div>\n\t\t\t\t\t<\/div>\n\t\t<\/section>\n\t\t\t\t<\/div>\n\t\t","protected":false},"excerpt":{"rendered":"<p>Przyj\u0119cie\/odrzucenie spadku\u2013\u00a0\u00a0 odpis skr\u00f3cony aktu zgonu zmar\u0142ego,\u2013\u00a0\u00a0 ostatnie miejsce zamieszkania zmar\u0142ego,\u2013 \u00a0\u00a0pozosta\u0142y kr\u0105g spadkobierc\u00f3w (czyli osoby, kt\u00f3re dziedzicz\u0105 na r\u00f3wni ze stawaj\u0105cym oraz osoby, kt\u00f3re wejd\u0105 do kr\u0119gu spadkobierc\u00f3w wskutek odrzucenia przez stawaj\u0105cego)<\/p>\n","protected":false},"author":1,"featured_media":0,"parent":0,"menu_order":0,"comment_status":"closed","ping_status":"closed","template":"page-templates\/template-pagebuilder-full-width.php","meta":{"neve_meta_sidebar":"","neve_meta_container":"","neve_meta_enable_content_width":"","neve_meta_content_width":0,"neve_meta_title_alignment":"","neve_meta_author_avatar":"","neve_post_elements_order":"","neve_meta_disable_header":"","neve_meta_disable_footer":"","neve_meta_disable_title":"","footnotes":""},"class_list":["post-1093","page","type-page","status-publish","hentry"],"_links":{"self":[{"href":"https:\/\/notariusz-polanica.pl\/index.php\/wp-json\/wp\/v2\/pages\/1093","targetHints":{"allow":["GET"]}}],"collection":[{"href":"https:\/\/notariusz-polanica.pl\/index.php\/wp-json\/wp\/v2\/pages"}],"about":[{"href":"https:\/\/notariusz-polanica.pl\/index.php\/wp-json\/wp\/v2\/types\/page"}],"author":[{"embeddable":true,"href":"https:\/\/notariusz-polanica.pl\/index.php\/wp-json\/wp\/v2\/users\/1"}],"replies":[{"embeddable":true,"href":"https:\/\/notariusz-polanica.pl\/index.php\/wp-json\/wp\/v2\/comments?post=1093"}],"version-history":[{"count":16,"href":"https:\/\/notariusz-polanica.pl\/index.php\/wp-json\/wp\/v2\/pages\/1093\/revisions"}],"predecessor-version":[{"id":2353,"href":"https:\/\/notariusz-polanica.pl\/index.php\/wp-json\/wp\/v2\/pages\/1093\/revisions\/2353"}],"wp:attachment":[{"href":"https:\/\/notariusz-polanica.pl\/index.php\/wp-json\/wp\/v2\/media?parent=1093"}],"curies":[{"name":"wp","href":"https:\/\/api.w.org\/{rel}","templated":true}]}}