{"id":1084,"date":"2023-08-05T19:11:01","date_gmt":"2023-08-05T17:11:01","guid":{"rendered":"https:\/\/notariusz-polanica.pl\/?page_id=1084"},"modified":"2023-08-28T21:08:49","modified_gmt":"2023-08-28T19:08:49","slug":"rygor-z-umowy-najmu-okazjonalnego","status":"publish","type":"page","link":"https:\/\/notariusz-polanica.pl\/index.php\/rygor-z-umowy-najmu-okazjonalnego\/","title":{"rendered":"Rygor z umowy najmu okazjonalnego"},"content":{"rendered":"\t\t<div data-elementor-type=\"wp-page\" data-elementor-id=\"1084\" class=\"elementor elementor-1084\">\n\t\t\t\t\t\t<section class=\"elementor-section elementor-top-section elementor-element elementor-element-7b02080 elementor-section-boxed elementor-section-height-default elementor-section-height-default\" data-id=\"7b02080\" data-element_type=\"section\" data-e-type=\"section\">\n\t\t\t\t\t\t<div class=\"elementor-container elementor-column-gap-default\">\n\t\t\t\t\t<div class=\"elementor-column elementor-col-100 elementor-top-column elementor-element elementor-element-07fde9b\" data-id=\"07fde9b\" data-element_type=\"column\" data-e-type=\"column\" data-settings=\"{&quot;background_background&quot;:&quot;gradient&quot;}\">\n\t\t\t<div class=\"elementor-widget-wrap elementor-element-populated\">\n\t\t\t\t\t\t<div class=\"elementor-element elementor-element-28d1f4d elementor-widget__width-initial elementor-widget elementor-widget-text-editor\" data-id=\"28d1f4d\" data-element_type=\"widget\" data-e-type=\"widget\" data-widget_type=\"text-editor.default\">\n\t\t\t\t<div class=\"elementor-widget-container\">\n\t\t\t\t\t\t\t\t\t<p><strong>Rygor z umowy najmu okazjonalnego<br \/><\/strong>\u2013\u00a0\u00a0umowa najmu okazjonalnego lokalu,<br \/>\u2013\u00a0\u00a0 o\u015bwiadczenie Najemcy wskazuj\u0105ce lokal\/budynek, do kt\u00f3rego wprowadzi si\u0119 na wypadek wykonania egzekucji,<br \/>\u2013\u00a0\u00a0 o\u015bwiadczenie w\u0142a\u015bciciela lokalu\/budynku, kt\u00f3ry wyra\u017ca zgod\u0119 na zamieszkanie w lokalu\/budynku na wypadek wykonania egzekucji<\/p>\t\t\t\t\t\t\t\t<\/div>\n\t\t\t\t<\/div>\n\t\t\t\t\t<\/div>\n\t\t<\/div>\n\t\t\t\t\t<\/div>\n\t\t<\/section>\n\t\t\t\t<\/div>\n\t\t","protected":false},"excerpt":{"rendered":"<p>Rygor z umowy najmu okazjonalnego\u2013\u00a0\u00a0umowa najmu okazjonalnego lokalu,\u2013\u00a0\u00a0 o\u015bwiadczenie Najemcy wskazuj\u0105ce lokal\/budynek, do kt\u00f3rego wprowadzi si\u0119 na wypadek wykonania egzekucji,\u2013\u00a0\u00a0 o\u015bwiadczenie w\u0142a\u015bciciela lokalu\/budynku, kt\u00f3ry wyra\u017ca zgod\u0119 na zamieszkanie w lokalu\/budynku na wypadek wykonania egzekucji<\/p>\n","protected":false},"author":1,"featured_media":0,"parent":0,"menu_order":0,"comment_status":"closed","ping_status":"closed","template":"page-templates\/template-pagebuilder-full-width.php","meta":{"neve_meta_sidebar":"","neve_meta_container":"","neve_meta_enable_content_width":"","neve_meta_content_width":0,"neve_meta_title_alignment":"","neve_meta_author_avatar":"","neve_post_elements_order":"","neve_meta_disable_header":"","neve_meta_disable_footer":"","neve_meta_disable_title":"","footnotes":""},"class_list":["post-1084","page","type-page","status-publish","hentry"],"_links":{"self":[{"href":"https:\/\/notariusz-polanica.pl\/index.php\/wp-json\/wp\/v2\/pages\/1084","targetHints":{"allow":["GET"]}}],"collection":[{"href":"https:\/\/notariusz-polanica.pl\/index.php\/wp-json\/wp\/v2\/pages"}],"about":[{"href":"https:\/\/notariusz-polanica.pl\/index.php\/wp-json\/wp\/v2\/types\/page"}],"author":[{"embeddable":true,"href":"https:\/\/notariusz-polanica.pl\/index.php\/wp-json\/wp\/v2\/users\/1"}],"replies":[{"embeddable":true,"href":"https:\/\/notariusz-polanica.pl\/index.php\/wp-json\/wp\/v2\/comments?post=1084"}],"version-history":[{"count":11,"href":"https:\/\/notariusz-polanica.pl\/index.php\/wp-json\/wp\/v2\/pages\/1084\/revisions"}],"predecessor-version":[{"id":2359,"href":"https:\/\/notariusz-polanica.pl\/index.php\/wp-json\/wp\/v2\/pages\/1084\/revisions\/2359"}],"wp:attachment":[{"href":"https:\/\/notariusz-polanica.pl\/index.php\/wp-json\/wp\/v2\/media?parent=1084"}],"curies":[{"name":"wp","href":"https:\/\/api.w.org\/{rel}","templated":true}]}}