{"id":103,"date":"2023-07-20T10:46:55","date_gmt":"2023-07-20T08:46:55","guid":{"rendered":"http:\/\/notariusz-polanica.pl\/index.php\/about-2\/"},"modified":"2023-09-06T18:07:41","modified_gmt":"2023-09-06T16:07:41","slug":"czynnosci-notarialne","status":"publish","type":"page","link":"https:\/\/notariusz-polanica.pl\/index.php\/czynnosci-notarialne\/","title":{"rendered":"Czynno\u015bci Notarialne"},"content":{"rendered":"\t\t<div data-elementor-type=\"wp-page\" data-elementor-id=\"103\" class=\"elementor elementor-103\">\n\t\t\t\t\t\t<section class=\"elementor-section elementor-top-section elementor-element elementor-element-54f87dc4 elementor-section-full_width elementor-section-height-min-height elementor-section-items-stretch elementor-section-content-middle elementor-reverse-mobile elementor-section-height-default\" data-id=\"54f87dc4\" data-element_type=\"section\" data-e-type=\"section\" data-settings=\"{&quot;background_background&quot;:&quot;classic&quot;}\">\n\t\t\t\t\t\t<div class=\"elementor-container elementor-column-gap-no\">\n\t\t\t\t\t<div class=\"elementor-column elementor-col-50 elementor-top-column elementor-element elementor-element-4e86b877\" data-id=\"4e86b877\" data-element_type=\"column\" data-e-type=\"column\" data-settings=\"{&quot;background_background&quot;:&quot;slideshow&quot;,&quot;background_slideshow_gallery&quot;:[],&quot;background_slideshow_loop&quot;:&quot;yes&quot;,&quot;background_slideshow_slide_duration&quot;:5000,&quot;background_slideshow_slide_transition&quot;:&quot;fade&quot;,&quot;background_slideshow_transition_duration&quot;:500}\">\n\t\t\t<div class=\"elementor-widget-wrap elementor-element-populated\">\n\t\t\t\t\t\t<div class=\"elementor-element elementor-element-5709e9e elementor-absolute elementor-widget elementor-widget-image\" data-id=\"5709e9e\" data-element_type=\"widget\" data-e-type=\"widget\" data-settings=\"{&quot;_position&quot;:&quot;absolute&quot;}\" data-widget_type=\"image.default\">\n\t\t\t\t<div class=\"elementor-widget-container\">\n\t\t\t\t\t\t\t\t\t\t\t\t\t\t\t<img fetchpriority=\"high\" decoding=\"async\" width=\"1024\" height=\"768\" src=\"https:\/\/notariusz-polanica.pl\/wp-content\/uploads\/2023\/08\/20230811_103115-1024x768.jpg\" class=\"attachment-large size-large wp-image-1941\" alt=\"\" srcset=\"https:\/\/notariusz-polanica.pl\/wp-content\/uploads\/2023\/08\/20230811_103115-1024x768.jpg 1024w, https:\/\/notariusz-polanica.pl\/wp-content\/uploads\/2023\/08\/20230811_103115-300x225.jpg 300w, https:\/\/notariusz-polanica.pl\/wp-content\/uploads\/2023\/08\/20230811_103115-768x576.jpg 768w, https:\/\/notariusz-polanica.pl\/wp-content\/uploads\/2023\/08\/20230811_103115-1536x1152.jpg 1536w, https:\/\/notariusz-polanica.pl\/wp-content\/uploads\/2023\/08\/20230811_103115-2048x1536.jpg 2048w\" sizes=\"(max-width: 1024px) 100vw, 1024px\" \/>\t\t\t\t\t\t\t\t\t\t\t\t\t\t\t<\/div>\n\t\t\t\t<\/div>\n\t\t\t\t<div class=\"elementor-element elementor-element-ba2794b elementor-widget-mobile__width-initial elementor-widget elementor-widget-spacer\" data-id=\"ba2794b\" data-element_type=\"widget\" data-e-type=\"widget\" data-widget_type=\"spacer.default\">\n\t\t\t\t<div class=\"elementor-widget-container\">\n\t\t\t\t\t\t\t<div class=\"elementor-spacer\">\n\t\t\t<div class=\"elementor-spacer-inner\"><\/div>\n\t\t<\/div>\n\t\t\t\t\t\t<\/div>\n\t\t\t\t<\/div>\n\t\t\t\t<div class=\"elementor-element elementor-element-95a3189 elementor-widget elementor-widget-spacer\" data-id=\"95a3189\" data-element_type=\"widget\" data-e-type=\"widget\" data-widget_type=\"spacer.default\">\n\t\t\t\t<div class=\"elementor-widget-container\">\n\t\t\t\t\t\t\t<div class=\"elementor-spacer\">\n\t\t\t<div class=\"elementor-spacer-inner\"><\/div>\n\t\t<\/div>\n\t\t\t\t\t\t<\/div>\n\t\t\t\t<\/div>\n\t\t\t\t<div class=\"elementor-element elementor-element-179240a elementor-absolute elementor-widget elementor-widget-image\" data-id=\"179240a\" data-element_type=\"widget\" data-e-type=\"widget\" data-settings=\"{&quot;_position&quot;:&quot;absolute&quot;}\" data-widget_type=\"image.default\">\n\t\t\t\t<div class=\"elementor-widget-container\">\n\t\t\t\t\t\t\t\t\t\t\t\t\t\t\t<img decoding=\"async\" width=\"614\" height=\"1024\" src=\"https:\/\/notariusz-polanica.pl\/wp-content\/uploads\/2023\/08\/20230807_131814-1-614x1024.jpg\" class=\"attachment-large size-large wp-image-1959\" alt=\"\" srcset=\"https:\/\/notariusz-polanica.pl\/wp-content\/uploads\/2023\/08\/20230807_131814-1-614x1024.jpg 614w, https:\/\/notariusz-polanica.pl\/wp-content\/uploads\/2023\/08\/20230807_131814-1-180x300.jpg 180w, https:\/\/notariusz-polanica.pl\/wp-content\/uploads\/2023\/08\/20230807_131814-1-768x1280.jpg 768w, https:\/\/notariusz-polanica.pl\/wp-content\/uploads\/2023\/08\/20230807_131814-1-922x1536.jpg 922w, https:\/\/notariusz-polanica.pl\/wp-content\/uploads\/2023\/08\/20230807_131814-1-1229x2048.jpg 1229w, https:\/\/notariusz-polanica.pl\/wp-content\/uploads\/2023\/08\/20230807_131814-1-scaled.jpg 1536w\" sizes=\"(max-width: 614px) 100vw, 614px\" \/>\t\t\t\t\t\t\t\t\t\t\t\t\t\t\t<\/div>\n\t\t\t\t<\/div>\n\t\t\t\t\t<\/div>\n\t\t<\/div>\n\t\t\t\t<div class=\"elementor-column elementor-col-50 elementor-top-column elementor-element elementor-element-13eadc\" data-id=\"13eadc\" data-element_type=\"column\" data-e-type=\"column\">\n\t\t\t<div class=\"elementor-widget-wrap elementor-element-populated\">\n\t\t\t\t\t\t<div class=\"elementor-element elementor-element-67f3741 elementor-widget__width-initial elementor-absolute elementor-widget-mobile__width-initial elementor-invisible elementor-widget elementor-widget-text-editor\" data-id=\"67f3741\" data-element_type=\"widget\" data-e-type=\"widget\" data-settings=\"{&quot;_animation&quot;:&quot;fadeInRight&quot;,&quot;_position&quot;:&quot;absolute&quot;}\" data-widget_type=\"text-editor.default\">\n\t\t\t\t<div class=\"elementor-widget-container\">\n\t\t\t\t\t\t\t\t\t<p><span style=\"color: var( --e-global-color-primary ); letter-spacing: 0px; text-align: left; background-color: var( --e-global-color-1fd96a61 );\">\u00a0 \u00a0 \u00a0Notariusz jest powo\u0142any do dokonywania czynno\u015bci, kt\u00f3rym strony s\u0105 obowi\u0105zane lub pragn\u0105 nada\u0107 form\u0119 notarialn\u0105 (czynno\u015bci notarialnych), a w zakresie swoich uprawnie\u0144 dzia\u0142a jako osoba zaufania publicznego.<\/span><span style=\"color: var( --e-global-color-primary ); letter-spacing: 0px; background-color: var( --e-global-color-1fd96a61 ); font-weight: bold;\">\u00a0<br \/><\/span><span style=\"background-color: var( --e-global-color-1fd96a61 ); color: var( --e-global-color-primary ); letter-spacing: 0px;\"><br \/>\u00a0 \u00a0 Czynno\u015bci notarialne, dokonane przez Notariusza zgodnie z prawem, maj\u0105 charakter dokumentu urz\u0119dowego.<\/span><\/p><div><p><span style=\"color: var( --e-global-color-primary ); letter-spacing: 0px; background-color: var( --e-global-color-1fd96a61 ); font-weight: bold;\">\u00a0 \u00a0Czynno\u015bci notarialnych Notariusz dokonuje w j\u0119zyku polskim.<\/span><span style=\"color: var( --e-global-color-primary ); letter-spacing: 0px; background-color: var( --e-global-color-1fd96a61 );\">\u00a0Je\u017celi osoba bior\u0105ca udzia\u0142 w czynno\u015bciach nie zna j\u0119zyka polskiego do czynno\u015bci nale\u017cy przywo\u0142a\u0107 t\u0142umacza przysi\u0119g\u0142ego.<br \/><\/span><span style=\"color: var( --e-global-color-primary ); letter-spacing: 0px; background-color: var( --e-global-color-1fd96a61 );\"><br \/><b style=\"font-family: 'Palatino Linotype', serif;\"><\/b><\/span><\/p><\/div>\t\t\t\t\t\t\t\t<\/div>\n\t\t\t\t<\/div>\n\t\t\t\t<div class=\"elementor-element elementor-element-40e55a7 elementor-widget-mobile__width-initial elementor-widget__width-initial elementor-invisible elementor-widget elementor-widget-spacer\" data-id=\"40e55a7\" data-element_type=\"widget\" data-e-type=\"widget\" data-settings=\"{&quot;_animation&quot;:&quot;fadeInRight&quot;}\" data-widget_type=\"spacer.default\">\n\t\t\t\t<div class=\"elementor-widget-container\">\n\t\t\t\t\t\t\t<div class=\"elementor-spacer\">\n\t\t\t<div class=\"elementor-spacer-inner\"><\/div>\n\t\t<\/div>\n\t\t\t\t\t\t<\/div>\n\t\t\t\t<\/div>\n\t\t\t\t<div class=\"elementor-element elementor-element-099054d elementor-widget__width-initial elementor-absolute elementor-widget-mobile__width-initial elementor-invisible elementor-widget elementor-widget-text-editor\" data-id=\"099054d\" data-element_type=\"widget\" data-e-type=\"widget\" data-settings=\"{&quot;_position&quot;:&quot;absolute&quot;,&quot;_animation&quot;:&quot;fadeInLeft&quot;}\" data-widget_type=\"text-editor.default\">\n\t\t\t\t<div class=\"elementor-widget-container\">\n\t\t\t\t\t\t\t\t\t<div><p><span style=\"color: var( --e-global-color-primary ); letter-spacing: 0px; background-color: var( --e-global-color-1fd96a61 );\"><b style=\"font-family: 'Palatino Linotype', serif;\">Zgodnie z art. 79. Ustawy z dnia 14 lutego 1991 r. Prawo o notariacie Notariusz dokonuje nast\u0119puj\u0105cych czynno\u015bci:<\/b><\/span><\/p><p style=\"margin-bottom: 0cm; line-height: 150%;\"><span style=\"font-family: 'Palatino Linotype',serif;\">&#8211;\u00a0\u00a0 sporz\u0105dza akty notarialne,<\/span><\/p><p style=\"margin-bottom: 0cm; line-height: 150%;\"><span style=\"font-family: 'Palatino Linotype',serif;\">&#8211;\u00a0\u00a0 sporz\u0105dza akty po\u015bwiadczenia dziedziczenia,<\/span><\/p><p style=\"margin-bottom: 0cm; line-height: 150%;\"><span style=\"font-family: 'Palatino Linotype',serif;\">&#8211;\u00a0\u00a0 podejmuje czynno\u015bci dotycz\u0105ce europejskiego po\u015bwiadczenia spadkowego,<\/span><\/p><p style=\"text-indent: -21.3pt; line-height: 150%; margin: 0cm 0cm 0cm 21.3pt;\"><span style=\"font-family: 'Palatino Linotype',serif;\">&#8211;\u00a0 \u00a0podejmuje czynno\u015bci zwi\u0105zane z zarz\u0105dem sukcesyjnym przedsi\u0119biorstwem osoby fizycznej i z tymczasowym przedstawicielem w zakresie udzia\u0142u ma\u0142\u017conka przedsi\u0119biorcy w przedsi\u0119biorstwie, na zasadach okre\u015blonych w ustawie z dnia 5 lipca 2018 r. o zarz\u0105dzie sukcesyjnym przedsi\u0119biorstwem osoby fizycznej i innych u\u0142atwieniach zwi\u0105zanych z sukcesj\u0105 przedsi\u0119biorstw,<\/span><\/p><p style=\"margin-bottom: 0cm; line-height: 150%;\"><span style=\"font-family: 'Palatino Linotype',serif;\">&#8211;\u00a0\u00a0 sporz\u0105dza po\u015bwiadczenia,<\/span><\/p><p style=\"margin-bottom: 0cm; line-height: 150%;\"><span style=\"font-family: 'Palatino Linotype',serif;\">&#8211;\u00a0\u00a0 spisuje protoko\u0142y,<\/span><\/p><p style=\"margin-bottom: 0cm; line-height: 150%;\"><span style=\"font-family: 'Palatino Linotype',serif;\">&#8211;\u00a0\u00a0 sporz\u0105dza protesty weksli i czek\u00f3w,<\/span><\/p><p style=\"text-indent: -14.2pt; line-height: 150%; margin: 0cm 0cm 0cm 14.2pt;\"><span style=\"font-family: 'Palatino Linotype',serif;\">&#8211;\u00a0 \u00a0przyjmuje na przechowanie pieni\u0105dze, papiery warto\u015bciowe, dokumenty, dane na informatycznym no\u015bniku danych, o kt\u00f3rym mowa w przepisach o informatyzacji dzia\u0142alno\u015bci podmiot\u00f3w realizuj\u0105cych zadania publiczne,<\/span><\/p><p style=\"text-indent: -14.2pt; line-height: 150%; margin: 0cm 0cm 0cm 14.2pt;\"><span style=\"font-family: 'Palatino Linotype',serif;\">&#8211;\u00a0\u00a0 prowadzi rejestry akcjonariuszy prostych sp\u00f3\u0142ek akcyjnych oraz podejmuje zwi\u0105zane z tym czynno\u015bci,<\/span><\/p><p style=\"margin-bottom: 0cm; line-height: 150%;\"><span style=\"font-family: 'Palatino Linotype',serif;\">&#8211;\u00a0\u00a0 sporz\u0105dza wypisy, odpisy i wyci\u0105gi dokument\u00f3w,<\/span><\/p><p style=\"margin-bottom: 0cm; line-height: 150%;\"><span style=\"font-family: 'Palatino Linotype',serif;\">&#8211;\u00a0\u00a0 sporz\u0105dza, na \u017c\u0105danie stron, projekty akt\u00f3w, o\u015bwiadcze\u0144 i innych dokument\u00f3w,<\/span><\/p><p style=\"text-indent: -14.2pt; line-height: 150%; margin: 0cm 0cm 0cm 14.2pt;\"><span style=\"font-family: 'Palatino Linotype',serif;\">&#8211;\u00a0 \u00a0sk\u0142ada wnioski o wpis w ksi\u0119dze wieczystej wraz z dokumentami stanowi\u0105cymi podstaw\u0119 wpisu w ksi\u0119dze wieczystej,<\/span><\/p><p style=\"margin-bottom: 0cm; line-height: 150%;\"><span style=\"font-family: 'Palatino Linotype',serif;\">&#8211;\u00a0\u00a0 sporz\u0105dza inne czynno\u015bci wynikaj\u0105ce z odr\u0119bnych przepis\u00f3w.<\/span><\/p><p style=\"text-align: left;\"><strong>\u00a0 \u00a0\u00a0<\/strong><\/p><\/div><p style=\"text-align: left;\">\u00a0<\/p>\t\t\t\t\t\t\t\t<\/div>\n\t\t\t\t<\/div>\n\t\t\t\t<div class=\"elementor-element elementor-element-56fa90a elementor-widget-mobile__width-initial elementor-widget elementor-widget-spacer\" data-id=\"56fa90a\" data-element_type=\"widget\" data-e-type=\"widget\" data-widget_type=\"spacer.default\">\n\t\t\t\t<div class=\"elementor-widget-container\">\n\t\t\t\t\t\t\t<div class=\"elementor-spacer\">\n\t\t\t<div class=\"elementor-spacer-inner\"><\/div>\n\t\t<\/div>\n\t\t\t\t\t\t<\/div>\n\t\t\t\t<\/div>\n\t\t\t\t\t<\/div>\n\t\t<\/div>\n\t\t\t\t\t<\/div>\n\t\t<\/section>\n\t\t\t\t<\/div>\n\t\t","protected":false},"excerpt":{"rendered":"<p>\u00a0 \u00a0 \u00a0Notariusz jest powo\u0142any do dokonywania czynno\u015bci, kt\u00f3rym strony s\u0105 obowi\u0105zane lub pragn\u0105 nada\u0107 form\u0119 notarialn\u0105 (czynno\u015bci notarialnych), a w zakresie swoich uprawnie\u0144 dzia\u0142a jako osoba zaufania publicznego.\u00a0 \u00a0 \u00a0 Czynno\u015bci notarialne, dokonane przez Notariusza zgodnie z prawem, maj\u0105 charakter dokumentu urz\u0119dowego. \u00a0 \u00a0Czynno\u015bci notarialnych Notariusz dokonuje w j\u0119zyku polskim.\u00a0Je\u017celi osoba bior\u0105ca udzia\u0142 w&hellip;&nbsp;<a href=\"https:\/\/notariusz-polanica.pl\/index.php\/czynnosci-notarialne\/\" class=\"\" rel=\"bookmark\">Czytaj dalej &raquo;<span class=\"screen-reader-text\">Czynno\u015bci Notarialne<\/span><\/a><\/p>\n","protected":false},"author":1,"featured_media":0,"parent":0,"menu_order":0,"comment_status":"closed","ping_status":"closed","template":"","meta":{"neve_meta_sidebar":"","neve_meta_container":"","neve_meta_enable_content_width":"","neve_meta_content_width":0,"neve_meta_title_alignment":"","neve_meta_author_avatar":"","neve_post_elements_order":"","neve_meta_disable_header":"","neve_meta_disable_footer":"","neve_meta_disable_title":"","footnotes":""},"class_list":["post-103","page","type-page","status-publish","hentry"],"_links":{"self":[{"href":"https:\/\/notariusz-polanica.pl\/index.php\/wp-json\/wp\/v2\/pages\/103","targetHints":{"allow":["GET"]}}],"collection":[{"href":"https:\/\/notariusz-polanica.pl\/index.php\/wp-json\/wp\/v2\/pages"}],"about":[{"href":"https:\/\/notariusz-polanica.pl\/index.php\/wp-json\/wp\/v2\/types\/page"}],"author":[{"embeddable":true,"href":"https:\/\/notariusz-polanica.pl\/index.php\/wp-json\/wp\/v2\/users\/1"}],"replies":[{"embeddable":true,"href":"https:\/\/notariusz-polanica.pl\/index.php\/wp-json\/wp\/v2\/comments?post=103"}],"version-history":[{"count":240,"href":"https:\/\/notariusz-polanica.pl\/index.php\/wp-json\/wp\/v2\/pages\/103\/revisions"}],"predecessor-version":[{"id":2416,"href":"https:\/\/notariusz-polanica.pl\/index.php\/wp-json\/wp\/v2\/pages\/103\/revisions\/2416"}],"wp:attachment":[{"href":"https:\/\/notariusz-polanica.pl\/index.php\/wp-json\/wp\/v2\/media?parent=103"}],"curies":[{"name":"wp","href":"https:\/\/api.w.org\/{rel}","templated":true}]}}